{"id":889,"date":"2018-05-02T10:27:52","date_gmt":"2018-05-02T09:27:52","guid":{"rendered":"https:\/\/sacpro.se\/?page_id=889"},"modified":"2018-08-29T12:26:23","modified_gmt":"2018-08-29T11:26:23","slug":"sacpro-30","status":"publish","type":"page","link":"https:\/\/sacpro.se\/fi\/sacpro-30\/","title":{"rendered":"Sacpro 30 \u00e5r"},"content":{"rendered":"<h2>V\u00e4lkommen till v\u00e5rt 30-\u00e5rs jubileum<\/h2>\n<p><strong>13-14 SEPTEMBER 2018<\/strong><\/p>\n<p>Sacpro grundades 1988 av Jan-Erik Svedlund. Det betyder att vi 2018 fyller 30 \u00e5r. Vilket vi s\u00e5klart ska fira. D\u00e4rf\u00f6r bjuder vi in er att fira med oss den 13-14 september.<\/p>\n<p>Det blir en minim\u00e4ssa d\u00e4r Sacpro tillsammans med flera av v\u00e5ra leverant\u00f6rer kommer visa upp produkter. Ni f\u00e5r chansen att k\u00e4nna lite p\u00e5 produkterna. Brawoliner kommer demonstrera Sprayliner och h\u00e4rdning via \u00e5nga och UV-ljus. Passa p\u00e5 att umg\u00e5s med kollegor i v\u00e5r bransch och torsdagen avslutas med en middag tillsammans.<\/p>\n<p>Det \u00e4r m\u00e5nga som har anm\u00e4lt sig redan, fr\u00e5n Sverige har vi g\u00e4ster fr\u00e5n bland annat Malm\u00f6 i s\u00f6der och G\u00e4llivare i Norr. Samtidigt har flera missat v\u00e5r inbjudan p\u00e5 grund av semestertider, d\u00e4rf\u00f6r har nu ist\u00e4llet satt <strong>30:e augusti som sista anm\u00e4lningsdag<\/strong>.<\/p>\n","protected":false},"excerpt":{"rendered":"<p>V\u00e4lkommen till v\u00e5rt 30-\u00e5rs jubileum 13-14 SEPTEMBER 2018 Sacpro grundades 1988 av Jan-Erik Svedlund. Det betyder att vi 2018 fyller 30 \u00e5r. Vilket vi s\u00e5klart ska fira. D\u00e4rf\u00f6r bjuder vi in er att fira med oss den 13-14 september. Det&#8230;<\/p>\n","protected":false},"author":4,"featured_media":0,"parent":0,"menu_order":0,"comment_status":"closed","ping_status":"closed","template":"","meta":{"_acf_changed":false,"footnotes":""},"class_list":["post-889","page","type-page","status-publish","hentry"],"acf":[],"yoast_head":"<!-- This site is optimized with the Yoast SEO plugin v27.4 - https:\/\/yoast.com\/product\/yoast-seo-wordpress\/ -->\n<title>Sacpro 30 \u00e5r - Sacpro AB<\/title>\n<meta name=\"robots\" content=\"index, follow, max-snippet:-1, max-image-preview:large, max-video-preview:-1\" \/>\n<link rel=\"canonical\" href=\"https:\/\/sacpro.se\/sacpro-30\/\" \/>\n<meta property=\"og:locale\" content=\"fi_FI\" \/>\n<meta property=\"og:type\" content=\"article\" \/>\n<meta property=\"og:title\" content=\"Sacpro 30 \u00e5r - Sacpro AB\" \/>\n<meta property=\"og:description\" content=\"V\u00e4lkommen till v\u00e5rt 30-\u00e5rs jubileum 13-14 SEPTEMBER 2018 Sacpro grundades 1988 av Jan-Erik Svedlund. Det betyder att vi 2018 fyller 30 \u00e5r. Vilket vi s\u00e5klart ska fira. D\u00e4rf\u00f6r bjuder vi in er att fira med oss den 13-14 september. Det...\" \/>\n<meta property=\"og:url\" content=\"https:\/\/sacpro.se\/sacpro-30\/\" \/>\n<meta property=\"og:site_name\" content=\"Sacpro AB\" \/>\n<meta property=\"article:modified_time\" content=\"2018-08-29T11:26:23+00:00\" \/>\n<meta name=\"twitter:card\" content=\"summary_large_image\" \/>\n<meta name=\"twitter:label1\" content=\"Arvioitu lukuaika\" \/>\n\t<meta name=\"twitter:data1\" content=\"1 minuutti\" \/>\n<script type=\"application\/ld+json\" class=\"yoast-schema-graph\">{\"@context\":\"https:\\\/\\\/schema.org\",\"@graph\":[{\"@type\":\"WebPage\",\"@id\":\"https:\\\/\\\/sacpro.se\\\/sacpro-30\\\/\",\"url\":\"https:\\\/\\\/sacpro.se\\\/sacpro-30\\\/\",\"name\":\"Sacpro 30 \u00e5r - Sacpro AB\",\"isPartOf\":{\"@id\":\"https:\\\/\\\/sacpro.se\\\/#website\"},\"datePublished\":\"2018-05-02T09:27:52+00:00\",\"dateModified\":\"2018-08-29T11:26:23+00:00\",\"breadcrumb\":{\"@id\":\"https:\\\/\\\/sacpro.se\\\/sacpro-30\\\/#breadcrumb\"},\"inLanguage\":\"fi\",\"potentialAction\":[{\"@type\":\"ReadAction\",\"target\":[\"https:\\\/\\\/sacpro.se\\\/sacpro-30\\\/\"]}]},{\"@type\":\"BreadcrumbList\",\"@id\":\"https:\\\/\\\/sacpro.se\\\/sacpro-30\\\/#breadcrumb\",\"itemListElement\":[{\"@type\":\"ListItem\",\"position\":1,\"name\":\"Home\",\"item\":\"https:\\\/\\\/sacpro.se\\\/fi\\\/\"},{\"@type\":\"ListItem\",\"position\":2,\"name\":\"Sacpro 30 \u00e5r\"}]},{\"@type\":\"WebSite\",\"@id\":\"https:\\\/\\\/sacpro.se\\\/#website\",\"url\":\"https:\\\/\\\/sacpro.se\\\/\",\"name\":\"Sacpro AB\",\"description\":\"Materials, equipment and training for pipe rehabilitation\",\"potentialAction\":[{\"@type\":\"SearchAction\",\"target\":{\"@type\":\"EntryPoint\",\"urlTemplate\":\"https:\\\/\\\/sacpro.se\\\/?s={search_term_string}\"},\"query-input\":{\"@type\":\"PropertyValueSpecification\",\"valueRequired\":true,\"valueName\":\"search_term_string\"}}],\"inLanguage\":\"fi\"}]}<\/script>\n<!-- \/ Yoast SEO plugin. -->","yoast_head_json":{"title":"Sacpro 30 \u00e5r - Sacpro AB","robots":{"index":"index","follow":"follow","max-snippet":"max-snippet:-1","max-image-preview":"max-image-preview:large","max-video-preview":"max-video-preview:-1"},"canonical":"https:\/\/sacpro.se\/sacpro-30\/","og_locale":"fi_FI","og_type":"article","og_title":"Sacpro 30 \u00e5r - Sacpro AB","og_description":"V\u00e4lkommen till v\u00e5rt 30-\u00e5rs jubileum 13-14 SEPTEMBER 2018 Sacpro grundades 1988 av Jan-Erik Svedlund. Det betyder att vi 2018 fyller 30 \u00e5r. Vilket vi s\u00e5klart ska fira. D\u00e4rf\u00f6r bjuder vi in er att fira med oss den 13-14 september. Det...","og_url":"https:\/\/sacpro.se\/sacpro-30\/","og_site_name":"Sacpro AB","article_modified_time":"2018-08-29T11:26:23+00:00","twitter_card":"summary_large_image","twitter_misc":{"Arvioitu lukuaika":"1 minuutti"},"schema":{"@context":"https:\/\/schema.org","@graph":[{"@type":"WebPage","@id":"https:\/\/sacpro.se\/sacpro-30\/","url":"https:\/\/sacpro.se\/sacpro-30\/","name":"Sacpro 30 \u00e5r - Sacpro AB","isPartOf":{"@id":"https:\/\/sacpro.se\/#website"},"datePublished":"2018-05-02T09:27:52+00:00","dateModified":"2018-08-29T11:26:23+00:00","breadcrumb":{"@id":"https:\/\/sacpro.se\/sacpro-30\/#breadcrumb"},"inLanguage":"fi","potentialAction":[{"@type":"ReadAction","target":["https:\/\/sacpro.se\/sacpro-30\/"]}]},{"@type":"BreadcrumbList","@id":"https:\/\/sacpro.se\/sacpro-30\/#breadcrumb","itemListElement":[{"@type":"ListItem","position":1,"name":"Home","item":"https:\/\/sacpro.se\/fi\/"},{"@type":"ListItem","position":2,"name":"Sacpro 30 \u00e5r"}]},{"@type":"WebSite","@id":"https:\/\/sacpro.se\/#website","url":"https:\/\/sacpro.se\/","name":"Sacpro AB","description":"Materials, equipment and training for pipe rehabilitation","potentialAction":[{"@type":"SearchAction","target":{"@type":"EntryPoint","urlTemplate":"https:\/\/sacpro.se\/?s={search_term_string}"},"query-input":{"@type":"PropertyValueSpecification","valueRequired":true,"valueName":"search_term_string"}}],"inLanguage":"fi"}]}},"_links":{"self":[{"href":"https:\/\/sacpro.se\/fi\/wp-json\/wp\/v2\/pages\/889","targetHints":{"allow":["GET"]}}],"collection":[{"href":"https:\/\/sacpro.se\/fi\/wp-json\/wp\/v2\/pages"}],"about":[{"href":"https:\/\/sacpro.se\/fi\/wp-json\/wp\/v2\/types\/page"}],"author":[{"embeddable":true,"href":"https:\/\/sacpro.se\/fi\/wp-json\/wp\/v2\/users\/4"}],"replies":[{"embeddable":true,"href":"https:\/\/sacpro.se\/fi\/wp-json\/wp\/v2\/comments?post=889"}],"version-history":[{"count":14,"href":"https:\/\/sacpro.se\/fi\/wp-json\/wp\/v2\/pages\/889\/revisions"}],"predecessor-version":[{"id":1230,"href":"https:\/\/sacpro.se\/fi\/wp-json\/wp\/v2\/pages\/889\/revisions\/1230"}],"wp:attachment":[{"href":"https:\/\/sacpro.se\/fi\/wp-json\/wp\/v2\/media?parent=889"}],"curies":[{"name":"wp","href":"https:\/\/api.w.org\/{rel}","templated":true}]}}