{"id":6502,"date":"2025-03-24T15:25:28","date_gmt":"2025-03-24T14:25:28","guid":{"rendered":"https:\/\/sacpro.se\/?page_id=6502"},"modified":"2026-01-21T11:49:40","modified_gmt":"2026-01-21T10:49:40","slug":"servicearenden","status":"publish","type":"page","link":"https:\/\/sacpro.se\/fi\/servicearenden\/","title":{"rendered":"Service\u00e4renden"},"content":{"rendered":"\n<h2 class=\"wp-block-heading\">Reklamation<\/h2>\n\n\n\n<p>Vid felleverans eller reklamation ska du kontakta Sacpro AB s\u00e5 snart som m\u00f6jligt, dock senast inom 10 dagar. Returnera varan i samma skick som den mottogs tillsammans med en ifylld skade- eller felanm\u00e4lan, s\u00e5 ser vi till att du f\u00e5r en felfri eller korrekt vara.<\/p>\n\n\n\n<p><strong>OBS!<\/strong> Innan du returnerar en defekt eller felaktigt levererad vara m\u00e5ste du fylla i v\u00e5rt reklamationsformul\u00e4r och skicka in det till Sacpro AB f\u00f6r godk\u00e4nnande. <a href=\"https:\/\/sacpro.se\/wp-content\/uploads\/2026\/01\/reklamationsansprak.pdf\" target=\"_blank\" rel=\"noreferrer noopener nofollow\">Ladda ner den h\u00e4r<\/a>.<\/p>\n\n\n\n<h2 class=\"wp-block-heading\">Reparation<\/h2>\n\n\n\n<p>Vid behov av reparation ska du kontakta oss s\u00e5 snart som m\u00f6jligt f\u00f6r att f\u00e5 \u00e4rendet registrerat. Skicka in produkten tillsammans med en ifylld felanm\u00e4lan, s\u00e5 g\u00f6r vi en bed\u00f6mning och utf\u00f6r n\u00f6dv\u00e4ndig reparation.<\/p>\n\n\n\n<p>Du kan ocks\u00e5 v\u00e4lja att mejla din felanm\u00e4lan till &nbsp;<a href=\"mailto:order@sacpro.se\">order@sacpro.se<\/a>. <a href=\"https:\/\/sacpro.se\/wp-content\/uploads\/2025\/03\/reparationdokumentv1.1fillable.pdf\" target=\"_blank\" rel=\"noreferrer noopener\">Ladda ner den h\u00e4r<\/a>.<\/p>\n\n\n\n<p><\/p>\n","protected":false},"excerpt":{"rendered":"<p>Reklamation Vid felleverans eller reklamation ska du kontakta Sacpro AB s\u00e5 snart som m\u00f6jligt, dock senast inom 10 dagar. Returnera varan i samma skick som den mottogs tillsammans med en ifylld skade- eller felanm\u00e4lan, s\u00e5 ser vi till att du&#8230;<\/p>\n","protected":false},"author":6,"featured_media":0,"parent":0,"menu_order":0,"comment_status":"closed","ping_status":"closed","template":"","meta":{"_acf_changed":false,"footnotes":""},"class_list":["post-6502","page","type-page","status-publish","hentry"],"acf":[],"yoast_head":"<!-- This site is optimized with the Yoast SEO plugin v27.4 - https:\/\/yoast.com\/product\/yoast-seo-wordpress\/ -->\n<title>Service\u00e4renden - Sacpro AB<\/title>\n<meta name=\"robots\" content=\"index, follow, max-snippet:-1, max-image-preview:large, max-video-preview:-1\" \/>\n<link rel=\"canonical\" href=\"https:\/\/sacpro.se\/servicearenden\/\" \/>\n<meta property=\"og:locale\" content=\"fi_FI\" \/>\n<meta property=\"og:type\" content=\"article\" \/>\n<meta property=\"og:title\" content=\"Service\u00e4renden - Sacpro AB\" \/>\n<meta property=\"og:description\" content=\"Reklamation Vid felleverans eller reklamation ska du kontakta Sacpro AB s\u00e5 snart som m\u00f6jligt, dock senast inom 10 dagar. Returnera varan i samma skick som den mottogs tillsammans med en ifylld skade- eller felanm\u00e4lan, s\u00e5 ser vi till att du...\" \/>\n<meta property=\"og:url\" content=\"https:\/\/sacpro.se\/servicearenden\/\" \/>\n<meta property=\"og:site_name\" content=\"Sacpro AB\" \/>\n<meta property=\"article:modified_time\" content=\"2026-01-21T10:49:40+00:00\" \/>\n<meta name=\"twitter:card\" content=\"summary_large_image\" \/>\n<meta name=\"twitter:label1\" content=\"Arvioitu lukuaika\" \/>\n\t<meta name=\"twitter:data1\" content=\"1 minuutti\" \/>\n<script type=\"application\/ld+json\" class=\"yoast-schema-graph\">{\"@context\":\"https:\\\/\\\/schema.org\",\"@graph\":[{\"@type\":\"WebPage\",\"@id\":\"https:\\\/\\\/sacpro.se\\\/servicearenden\\\/\",\"url\":\"https:\\\/\\\/sacpro.se\\\/servicearenden\\\/\",\"name\":\"Service\u00e4renden - Sacpro AB\",\"isPartOf\":{\"@id\":\"https:\\\/\\\/sacpro.se\\\/#website\"},\"datePublished\":\"2025-03-24T14:25:28+00:00\",\"dateModified\":\"2026-01-21T10:49:40+00:00\",\"breadcrumb\":{\"@id\":\"https:\\\/\\\/sacpro.se\\\/servicearenden\\\/#breadcrumb\"},\"inLanguage\":\"fi\",\"potentialAction\":[{\"@type\":\"ReadAction\",\"target\":[\"https:\\\/\\\/sacpro.se\\\/servicearenden\\\/\"]}]},{\"@type\":\"BreadcrumbList\",\"@id\":\"https:\\\/\\\/sacpro.se\\\/servicearenden\\\/#breadcrumb\",\"itemListElement\":[{\"@type\":\"ListItem\",\"position\":1,\"name\":\"Home\",\"item\":\"https:\\\/\\\/sacpro.se\\\/fi\\\/\"},{\"@type\":\"ListItem\",\"position\":2,\"name\":\"Service\u00e4renden\"}]},{\"@type\":\"WebSite\",\"@id\":\"https:\\\/\\\/sacpro.se\\\/#website\",\"url\":\"https:\\\/\\\/sacpro.se\\\/\",\"name\":\"Sacpro AB\",\"description\":\"Materials, equipment and training for pipe rehabilitation\",\"potentialAction\":[{\"@type\":\"SearchAction\",\"target\":{\"@type\":\"EntryPoint\",\"urlTemplate\":\"https:\\\/\\\/sacpro.se\\\/?s={search_term_string}\"},\"query-input\":{\"@type\":\"PropertyValueSpecification\",\"valueRequired\":true,\"valueName\":\"search_term_string\"}}],\"inLanguage\":\"fi\"}]}<\/script>\n<!-- \/ Yoast SEO plugin. -->","yoast_head_json":{"title":"Service\u00e4renden - Sacpro AB","robots":{"index":"index","follow":"follow","max-snippet":"max-snippet:-1","max-image-preview":"max-image-preview:large","max-video-preview":"max-video-preview:-1"},"canonical":"https:\/\/sacpro.se\/servicearenden\/","og_locale":"fi_FI","og_type":"article","og_title":"Service\u00e4renden - Sacpro AB","og_description":"Reklamation Vid felleverans eller reklamation ska du kontakta Sacpro AB s\u00e5 snart som m\u00f6jligt, dock senast inom 10 dagar. Returnera varan i samma skick som den mottogs tillsammans med en ifylld skade- eller felanm\u00e4lan, s\u00e5 ser vi till att du...","og_url":"https:\/\/sacpro.se\/servicearenden\/","og_site_name":"Sacpro AB","article_modified_time":"2026-01-21T10:49:40+00:00","twitter_card":"summary_large_image","twitter_misc":{"Arvioitu lukuaika":"1 minuutti"},"schema":{"@context":"https:\/\/schema.org","@graph":[{"@type":"WebPage","@id":"https:\/\/sacpro.se\/servicearenden\/","url":"https:\/\/sacpro.se\/servicearenden\/","name":"Service\u00e4renden - Sacpro AB","isPartOf":{"@id":"https:\/\/sacpro.se\/#website"},"datePublished":"2025-03-24T14:25:28+00:00","dateModified":"2026-01-21T10:49:40+00:00","breadcrumb":{"@id":"https:\/\/sacpro.se\/servicearenden\/#breadcrumb"},"inLanguage":"fi","potentialAction":[{"@type":"ReadAction","target":["https:\/\/sacpro.se\/servicearenden\/"]}]},{"@type":"BreadcrumbList","@id":"https:\/\/sacpro.se\/servicearenden\/#breadcrumb","itemListElement":[{"@type":"ListItem","position":1,"name":"Home","item":"https:\/\/sacpro.se\/fi\/"},{"@type":"ListItem","position":2,"name":"Service\u00e4renden"}]},{"@type":"WebSite","@id":"https:\/\/sacpro.se\/#website","url":"https:\/\/sacpro.se\/","name":"Sacpro AB","description":"Materials, equipment and training for pipe rehabilitation","potentialAction":[{"@type":"SearchAction","target":{"@type":"EntryPoint","urlTemplate":"https:\/\/sacpro.se\/?s={search_term_string}"},"query-input":{"@type":"PropertyValueSpecification","valueRequired":true,"valueName":"search_term_string"}}],"inLanguage":"fi"}]}},"_links":{"self":[{"href":"https:\/\/sacpro.se\/fi\/wp-json\/wp\/v2\/pages\/6502","targetHints":{"allow":["GET"]}}],"collection":[{"href":"https:\/\/sacpro.se\/fi\/wp-json\/wp\/v2\/pages"}],"about":[{"href":"https:\/\/sacpro.se\/fi\/wp-json\/wp\/v2\/types\/page"}],"author":[{"embeddable":true,"href":"https:\/\/sacpro.se\/fi\/wp-json\/wp\/v2\/users\/6"}],"replies":[{"embeddable":true,"href":"https:\/\/sacpro.se\/fi\/wp-json\/wp\/v2\/comments?post=6502"}],"version-history":[{"count":7,"href":"https:\/\/sacpro.se\/fi\/wp-json\/wp\/v2\/pages\/6502\/revisions"}],"predecessor-version":[{"id":7221,"href":"https:\/\/sacpro.se\/fi\/wp-json\/wp\/v2\/pages\/6502\/revisions\/7221"}],"wp:attachment":[{"href":"https:\/\/sacpro.se\/fi\/wp-json\/wp\/v2\/media?parent=6502"}],"curies":[{"name":"wp","href":"https:\/\/api.w.org\/{rel}","templated":true}]}}