{"id":3302,"date":"2018-05-31T09:56:39","date_gmt":"2018-05-31T08:56:39","guid":{"rendered":"https:\/\/sacpro.se\/training\/"},"modified":"2025-10-27T15:59:37","modified_gmt":"2025-10-27T14:59:37","slug":"training","status":"publish","type":"page","link":"https:\/\/sacpro.se\/fi\/training\/","title":{"rendered":"Koulutus"},"content":{"rendered":"<p>Sacpro tarjoaa asiakkailleen 3-p\u00e4iv\u00e4ist\u00e4 koulutusta Houseliner System -asennusj\u00e4rjestelm\u00e4\u00e4n. T\u00e4m\u00e4n koulutuksen p\u00e4\u00e4m\u00e4\u00e4r\u00e4 on, ett\u00e4 Sacpro, yhdess\u00e4 asiakasurakoitsijoidensa kanssa, luo vahvan pohjan viem\u00e4reiss\u00e4 tapahtuville saneerausasennuksille Houseliner System kanssa. Koulutuksemme rakentuu vuosien aikana hiotun ja kehitetyn koulutusmateriaalin ymp\u00e4rille, joka rakentuu teoriaosuudesta, k\u00e4yt\u00e4nn\u00f6n harjoitteista sek\u00e4 konkreettisista asennuksista.<\/p>\n<p><strong>Sijainti<\/strong><\/p>\n<p>Koulutus tapahtuu koulutustiloissamme Sacpro Oy:n p\u00e4\u00e4toimipaikalla Kaarinassa.<\/p>\n<p><strong>Ilmoittautuminen<\/strong><\/p>\n<p>Varaa paikkasi koulutukseen l\u00e4hett\u00e4m\u00e4ll\u00e4 s\u00e4hk\u00f6postia osoitteeseen <a href=\"mailto:office@sacpro.fi\">office<\/a><a href=\"mailto:info@sacpro.fi\">@sacpro.fi<\/a> tai t\u00e4ytt\u00e4m\u00e4ll\u00e4 oheinen lomake.<\/p>\n<p><strong>Kustannukset<\/strong><\/p>\n<p>Osallistujakohtainen koulutusmaksu on 1600,00\u20ac (ALV 0%). Hinta sis\u00e4lt\u00e4\u00e4 lounaat, kahvit, harjoitteissa ja asennuksissa k\u00e4ytett\u00e4v\u00e4t materiaalit, oppikirjallisuuden sek\u00e4 tarvittavat suojavarusteet (k\u00e4sineet, suojalasit ja hengityssuojaus).<\/p>\n<h2>Esimerkkej\u00e4 koulutuksessa k\u00e4sitelt\u00e4vist\u00e4 aiheista:<\/h2>\n","protected":false},"excerpt":{"rendered":"<p>Sacpro tarjoaa asiakkailleen 3-p\u00e4iv\u00e4ist\u00e4 koulutusta Houseliner System -asennusj\u00e4rjestelm\u00e4\u00e4n. T\u00e4m\u00e4n koulutuksen p\u00e4\u00e4m\u00e4\u00e4r\u00e4 on, ett\u00e4 Sacpro, yhdess\u00e4 asiakasurakoitsijoidensa kanssa, luo vahvan pohjan viem\u00e4reiss\u00e4 tapahtuville saneerausasennuksille Houseliner System kanssa. Koulutuksemme rakentuu vuosien aikana hiotun ja kehitetyn koulutusmateriaalin ymp\u00e4rille, joka rakentuu teoriaosuudesta, k\u00e4yt\u00e4nn\u00f6n harjoitteista&#8230;<\/p>\n","protected":false},"author":4,"featured_media":0,"parent":0,"menu_order":0,"comment_status":"closed","ping_status":"closed","template":"template-course.php","meta":{"_acf_changed":false,"footnotes":""},"class_list":["post-3302","page","type-page","status-publish","hentry"],"acf":[],"yoast_head":"<!-- This site is optimized with the Yoast SEO plugin v27.4 - https:\/\/yoast.com\/product\/yoast-seo-wordpress\/ -->\n<title>Koulutus - Sacpro AB<\/title>\n<meta name=\"robots\" content=\"index, follow, max-snippet:-1, max-image-preview:large, max-video-preview:-1\" \/>\n<link rel=\"canonical\" href=\"https:\/\/sacpro.se\/fi\/training\/\" \/>\n<meta property=\"og:locale\" content=\"fi_FI\" \/>\n<meta property=\"og:type\" content=\"article\" \/>\n<meta property=\"og:title\" content=\"Koulutus - Sacpro AB\" \/>\n<meta property=\"og:description\" content=\"Sacpro tarjoaa asiakkailleen 3-p\u00e4iv\u00e4ist\u00e4 koulutusta Houseliner System -asennusj\u00e4rjestelm\u00e4\u00e4n. T\u00e4m\u00e4n koulutuksen p\u00e4\u00e4m\u00e4\u00e4r\u00e4 on, ett\u00e4 Sacpro, yhdess\u00e4 asiakasurakoitsijoidensa kanssa, luo vahvan pohjan viem\u00e4reiss\u00e4 tapahtuville saneerausasennuksille Houseliner System kanssa. Koulutuksemme rakentuu vuosien aikana hiotun ja kehitetyn koulutusmateriaalin ymp\u00e4rille, joka rakentuu teoriaosuudesta, k\u00e4yt\u00e4nn\u00f6n harjoitteista...\" \/>\n<meta property=\"og:url\" content=\"https:\/\/sacpro.se\/fi\/training\/\" \/>\n<meta property=\"og:site_name\" content=\"Sacpro AB\" \/>\n<meta property=\"article:modified_time\" content=\"2025-10-27T14:59:37+00:00\" \/>\n<meta name=\"twitter:card\" content=\"summary_large_image\" \/>\n<meta name=\"twitter:label1\" content=\"Arvioitu lukuaika\" \/>\n\t<meta name=\"twitter:data1\" content=\"1 minuutti\" \/>\n<script type=\"application\/ld+json\" class=\"yoast-schema-graph\">{\"@context\":\"https:\\\/\\\/schema.org\",\"@graph\":[{\"@type\":\"WebPage\",\"@id\":\"https:\\\/\\\/sacpro.se\\\/fi\\\/training\\\/\",\"url\":\"https:\\\/\\\/sacpro.se\\\/fi\\\/training\\\/\",\"name\":\"Koulutus - Sacpro AB\",\"isPartOf\":{\"@id\":\"https:\\\/\\\/sacpro.se\\\/#website\"},\"datePublished\":\"2018-05-31T08:56:39+00:00\",\"dateModified\":\"2025-10-27T14:59:37+00:00\",\"breadcrumb\":{\"@id\":\"https:\\\/\\\/sacpro.se\\\/fi\\\/training\\\/#breadcrumb\"},\"inLanguage\":\"fi\",\"potentialAction\":[{\"@type\":\"ReadAction\",\"target\":[\"https:\\\/\\\/sacpro.se\\\/fi\\\/training\\\/\"]}]},{\"@type\":\"BreadcrumbList\",\"@id\":\"https:\\\/\\\/sacpro.se\\\/fi\\\/training\\\/#breadcrumb\",\"itemListElement\":[{\"@type\":\"ListItem\",\"position\":1,\"name\":\"Home\",\"item\":\"https:\\\/\\\/sacpro.se\\\/fi\\\/\"},{\"@type\":\"ListItem\",\"position\":2,\"name\":\"Koulutus\"}]},{\"@type\":\"WebSite\",\"@id\":\"https:\\\/\\\/sacpro.se\\\/#website\",\"url\":\"https:\\\/\\\/sacpro.se\\\/\",\"name\":\"Sacpro AB\",\"description\":\"Materials, equipment and training for pipe rehabilitation\",\"potentialAction\":[{\"@type\":\"SearchAction\",\"target\":{\"@type\":\"EntryPoint\",\"urlTemplate\":\"https:\\\/\\\/sacpro.se\\\/?s={search_term_string}\"},\"query-input\":{\"@type\":\"PropertyValueSpecification\",\"valueRequired\":true,\"valueName\":\"search_term_string\"}}],\"inLanguage\":\"fi\"}]}<\/script>\n<!-- \/ Yoast SEO plugin. -->","yoast_head_json":{"title":"Koulutus - Sacpro AB","robots":{"index":"index","follow":"follow","max-snippet":"max-snippet:-1","max-image-preview":"max-image-preview:large","max-video-preview":"max-video-preview:-1"},"canonical":"https:\/\/sacpro.se\/fi\/training\/","og_locale":"fi_FI","og_type":"article","og_title":"Koulutus - Sacpro AB","og_description":"Sacpro tarjoaa asiakkailleen 3-p\u00e4iv\u00e4ist\u00e4 koulutusta Houseliner System -asennusj\u00e4rjestelm\u00e4\u00e4n. T\u00e4m\u00e4n koulutuksen p\u00e4\u00e4m\u00e4\u00e4r\u00e4 on, ett\u00e4 Sacpro, yhdess\u00e4 asiakasurakoitsijoidensa kanssa, luo vahvan pohjan viem\u00e4reiss\u00e4 tapahtuville saneerausasennuksille Houseliner System kanssa. Koulutuksemme rakentuu vuosien aikana hiotun ja kehitetyn koulutusmateriaalin ymp\u00e4rille, joka rakentuu teoriaosuudesta, k\u00e4yt\u00e4nn\u00f6n harjoitteista...","og_url":"https:\/\/sacpro.se\/fi\/training\/","og_site_name":"Sacpro AB","article_modified_time":"2025-10-27T14:59:37+00:00","twitter_card":"summary_large_image","twitter_misc":{"Arvioitu lukuaika":"1 minuutti"},"schema":{"@context":"https:\/\/schema.org","@graph":[{"@type":"WebPage","@id":"https:\/\/sacpro.se\/fi\/training\/","url":"https:\/\/sacpro.se\/fi\/training\/","name":"Koulutus - Sacpro AB","isPartOf":{"@id":"https:\/\/sacpro.se\/#website"},"datePublished":"2018-05-31T08:56:39+00:00","dateModified":"2025-10-27T14:59:37+00:00","breadcrumb":{"@id":"https:\/\/sacpro.se\/fi\/training\/#breadcrumb"},"inLanguage":"fi","potentialAction":[{"@type":"ReadAction","target":["https:\/\/sacpro.se\/fi\/training\/"]}]},{"@type":"BreadcrumbList","@id":"https:\/\/sacpro.se\/fi\/training\/#breadcrumb","itemListElement":[{"@type":"ListItem","position":1,"name":"Home","item":"https:\/\/sacpro.se\/fi\/"},{"@type":"ListItem","position":2,"name":"Koulutus"}]},{"@type":"WebSite","@id":"https:\/\/sacpro.se\/#website","url":"https:\/\/sacpro.se\/","name":"Sacpro AB","description":"Materials, equipment and training for pipe rehabilitation","potentialAction":[{"@type":"SearchAction","target":{"@type":"EntryPoint","urlTemplate":"https:\/\/sacpro.se\/?s={search_term_string}"},"query-input":{"@type":"PropertyValueSpecification","valueRequired":true,"valueName":"search_term_string"}}],"inLanguage":"fi"}]}},"_links":{"self":[{"href":"https:\/\/sacpro.se\/fi\/wp-json\/wp\/v2\/pages\/3302","targetHints":{"allow":["GET"]}}],"collection":[{"href":"https:\/\/sacpro.se\/fi\/wp-json\/wp\/v2\/pages"}],"about":[{"href":"https:\/\/sacpro.se\/fi\/wp-json\/wp\/v2\/types\/page"}],"author":[{"embeddable":true,"href":"https:\/\/sacpro.se\/fi\/wp-json\/wp\/v2\/users\/4"}],"replies":[{"embeddable":true,"href":"https:\/\/sacpro.se\/fi\/wp-json\/wp\/v2\/comments?post=3302"}],"version-history":[{"count":23,"href":"https:\/\/sacpro.se\/fi\/wp-json\/wp\/v2\/pages\/3302\/revisions"}],"predecessor-version":[{"id":7082,"href":"https:\/\/sacpro.se\/fi\/wp-json\/wp\/v2\/pages\/3302\/revisions\/7082"}],"wp:attachment":[{"href":"https:\/\/sacpro.se\/fi\/wp-json\/wp\/v2\/media?parent=3302"}],"curies":[{"name":"wp","href":"https:\/\/api.w.org\/{rel}","templated":true}]}}