{"id":3300,"date":"2018-05-17T09:58:19","date_gmt":"2018-05-17T08:58:19","guid":{"rendered":"https:\/\/sacpro.se\/warranty-delivery\/"},"modified":"2023-11-10T14:12:24","modified_gmt":"2023-11-10T13:12:24","slug":"warranty-delivery","status":"publish","type":"page","link":"https:\/\/sacpro.se\/fi\/warranty-delivery\/","title":{"rendered":"Toimitus &#8211; ja takuuehdot"},"content":{"rendered":"<h2>Yleiset toimitusehdot<\/h2>\n<p>Ellei toisin ole m\u00e4\u00e4ritelty, sovelletaan Incoterms DAP -lauseketta.<\/p>\n<h2>Tilaukset<\/h2>\n<p>Tilaukset tehd\u00e4\u00e4n verkkokauppamme kautta, s\u00e4hk\u00f6postitse tai puhelimitse. Tilauksesta on l\u00f6ydytt\u00e4v\u00e4 tuotenimi, kappalem\u00e4\u00e4r\u00e4, tilaajayrityksen nimi, toimitusosoite, yhteyshenkil\u00f6 sek\u00e4 tilaus ja toivottu toimitusp\u00e4iv\u00e4m\u00e4\u00e4r\u00e4.<\/p>\n<h2>Toimitus<\/h2>\n<p>Hyllytavaraa koskevat tilaukset toimitetaan kahden arkip\u00e4iv\u00e4n kuluessa. Toimitusajankohta on erikseen sovittavissa. Emme ota vastuuta loppuunmyytyjen- tai poistuneiden tuotteiden toimittamisesta. Mik\u00e4li tilausta ei voida toimittaa, ilmoitetaan se erikseen puhelimitse tai s\u00e4hk\u00f6postitse.<\/p>\n<h2>Toimitustavat<\/h2>\n<p>Toimitukset hoidetaan yleisesti Kaukokiidon, Schenkerin, Postin ja Matkahuollon toimesta.<\/p>\n<h2>Rahtikulut<\/h2>\n<p>Rahtikulut lis\u00e4t\u00e4\u00e4n tilauksiin.<\/p>\n<h2>Tilausvahvistus<\/h2>\n<p>Tilauksen saatuamme, l\u00e4het\u00e4mme asiakkaillemme tilausvahvistuksen, josta selvi\u00e4\u00e4 tilauksen sis\u00e4lt\u00f6. Tilausvahvistus on hyv\u00e4 s\u00e4ilytt\u00e4\u00e4, mik\u00e4li siihen pit\u00e4\u00e4 viitata my\u00f6hemmin. Tilausvahvistus l\u00e4hetet\u00e4\u00e4n s\u00e4hk\u00f6postitse.<\/p>\n<h2>Reklamaatiot<\/h2>\n<p>Virheellisen toimituksen tai muun reklamoitavan asian sattuessa, ota yhteys v\u00e4litt\u00f6m\u00e4sti Sacpro Oy:n 10vrk:n sis\u00e4ll\u00e4 toimituksesta. Virheellinen tuote on toimitettava Sacpro Oy:lle siin\u00e4 kunnossa, kun se on vastaanotettu virheraportin kanssa. HUOM! Ennen tuotteen palautusta on Sacpro Oy:lle toimitettava reklamaatiolomake, jotta reklamaatio voidaan hyv\u00e4ksy\u00e4. Reklamaatiolomake on saatavilla sivuillamme.<\/p>\n<h2>Tuotteiden palautus<\/h2>\n<p>Palautettavista tuotteista on etuk\u00e4teen sovittava Sacpro Oy:n\/tuotteen jakelijan kanssa. Ilman sopimusta l\u00e4hetettyj\u00e4, tai yli kaksi kuukautta sitten vastaanotettuja tuotteita ei oteta vastaan. Palautetut tuotteet ovat oletusarvoisesti siin\u00e4 kunnossa, mink\u00e4laisina ne on vastaanotettu.<\/p>\n<p>Sacpro Oy voi hyv\u00e4ksy\u00e4 palautuksia tuotekatalogissamme olevista tuotteista. Sacpro Oy:n ollessa vastuussa tuotteissa esiintyvist\u00e4 virheist\u00e4, hyvitet\u00e4\u00e4n tuotteen hinta t\u00e4ysim\u00e4\u00e4r\u00e4isesti. Muissa tapauksissa hyvitet\u00e4\u00e4n 65% tuotteen hinnasta.<\/p>\n<h2>TOIMINTAPERIAATE<\/h2>\n<p>Henkil\u00f6tietojen k\u00e4sittely<\/p>\n<p>Sacpro AB:lle on t\u00e4n\u00e4 p\u00e4iv\u00e4n\u00e4, 2020-09-02, laadittu seuraavat periaatteet.<\/p>\n<h3>K\u00e4ytt\u00f6tarkoitus<\/h3>\n<p>Huolehdimme yksityisyydest\u00e4si. Sinun on voitava tuntea olosi turvalliseksi, kun uskot henkil\u00f6tietojasi meille. T\u00e4st\u00e4 syyst\u00e4 olemme laatineet t\u00e4m\u00e4n k\u00e4yt\u00e4nn\u00f6n. Se perustuu voimassa olevaan tietosuojalains\u00e4\u00e4d\u00e4nt\u00f6\u00f6n ja siin\u00e4 selvitet\u00e4\u00e4n, miten pyrimme turvaamaan oikeuksiasi ja yksityisyytt\u00e4si.<\/p>\n<p>T\u00e4m\u00e4n k\u00e4yt\u00e4nn\u00f6n tarkoituksena on tehd\u00e4 sinut tietoiseksi siit\u00e4, miten k\u00e4sittelemme henkil\u00f6tietojasi, mihin k\u00e4yt\u00e4mme niit\u00e4, kuka voi n\u00e4hd\u00e4 ne ja mill\u00e4 edellytyksill\u00e4 ja miten voit turvata oikeutesi.<\/p>\n<h3>Tausta<\/h3>\n<p>K\u00e4sittelemme henkil\u00f6tietojasi p\u00e4\u00e4asiassa siksi, ett\u00e4 voimme t\u00e4ytt\u00e4\u00e4 velvollisuutemme sinua kohtaan. Menetelm\u00e4mme l\u00e4ht\u00f6kohtana on, ett\u00e4 emme k\u00e4sittele enemp\u00e4\u00e4 henkil\u00f6tietoja kuin on tarpeen tarkoituksen saavuttamiseksi ja pyrimme aina k\u00e4ytt\u00e4m\u00e4\u00e4n mahdollisimman v\u00e4h\u00e4n arkaluonteisia tietoja.<\/p>\n<p>Tarvitsemme henkil\u00f6tietojasi my\u00f6s voidaksemme tarjota sinulle hyv\u00e4\u00e4 palvelua esimerkiksi markkinoinnin, seurannan ja tiedottamisen osalta. Lis\u00e4ksi saatamme tarvita henkil\u00f6tietojasi lakien noudattamiseen sek\u00e4 asiakas- ja markkina-analyysien tekemiseen.<\/p>\n<p>Sinulla on oikeus vastustaa henkil\u00f6tietojesi k\u00e4ytt\u00f6\u00e4 suoramarkkinointitarkoituksiin.<\/p>\n<h3>Yleiset linjaukset<\/h3>\n<p>Mit\u00e4 henkil\u00f6tietoja k\u00e4sittelemme?<\/p>\n<p>K\u00e4sittelemme henkil\u00f6tietoja vain, jos siihen on olemassa oikeudellinen peruste. Emme k\u00e4sittele henkil\u00f6tietoja, ellei se ole tarpeen sopimusten ja lain mukaisten velvoitteiden t\u00e4ytt\u00e4miseksi. Alla on esimerkkej\u00e4 k\u00e4sittelemist\u00e4mme henkil\u00f6tiedoista:<\/p>\n<p>&#8211; Nimi<\/p>\n<p>&#8211; Yrityksen nimi<\/p>\n<p>&#8211; Yrityksen osoite<\/p>\n<p>&#8211; S\u00e4hk\u00f6postiosoite<\/p>\n<p>&#8211; Puhelinnumero<\/p>\n<p>&#8211; Asema yrityksess\u00e4<\/p>\n<p>&#8211; K\u00e4ytt\u00e4j\u00e4n nimi verkkokaupassa<\/p>\n<p>&#8211; Valokuvat<\/p>\n<p>&#8211; Tiedot, jotka olet rekister\u00f6inyt pyyt\u00e4m\u00e4tt\u00e4 ja jotka annat vapaaehtoisesti.<\/p>\n<p>&#8211; Sis\u00e4lt\u00f6, jonka julkaiset itse, niin sanottu k\u00e4ytt\u00e4j\u00e4n luoma sis\u00e4lt\u00f6.<\/p>\n<p>Miten saamme p\u00e4\u00e4syn henkil\u00f6tietoihisi?<\/p>\n<p>Pyrimme mahdollisuuksien mukaan hankkimaan henkil\u00f6tietosi ottamalla sinuun yhteytt\u00e4.<\/p>\n<p>Sinulla on oikeus peruuttaa suostumuksesi milloin tahansa. T\u00e4ll\u00f6in emme en\u00e4\u00e4 k\u00e4sittele henkil\u00f6tietojasi tai hanki uusia tietoja, jos se ei ole v\u00e4ltt\u00e4m\u00e4t\u00f6nt\u00e4 sopimuksen, myyntitiedonannon tai lain mukaisten velvoitteidemme t\u00e4ytt\u00e4miseksi. Huomaa, ett\u00e4 suostumuksesi peruuttaminen tarkoittaa, ettemme voi t\u00e4ytt\u00e4\u00e4 velvoitteitamme sinua kohtaan.<\/p>\n<p>P\u00e4\u00e4semme k\u00e4siksi henkil\u00f6tietoihisi my\u00f6s seuraavilla tavoilla:<\/p>\n<p>&#8211; Suoraan meille antamasi tiedot<\/p>\n<p>&#8211; Tiedot, jotka rekister\u00f6id\u00e4\u00e4n, kun vierailet verkkosivustollamme<\/p>\n<p>&#8211; Tiedot, jotka saamme julkisista rekistereist\u00e4<\/p>\n<p>&#8211; Tiedot, jotka saamme, kun otat yhteytt\u00e4 johonkin ty\u00f6ntekij\u00e4\u00e4mme.<\/p>\n<p>&#8211; Tiedot, jotka saamme, kun ilmoittaudut kursseillemme tai seminaareihimme.<\/p>\n<p>&#8211; Tiedot, jotka saamme, kun tilaat uutiskirjeit\u00e4 tai muita postituksia.<\/p>\n<p>&#8211; Tiedot, jotka saamme, kun vastaat kyselylomakkeisiimme ja tutkimuksiimme.<\/p>\n<p>&#8211; Tiedot, jotka saamme, kun otat meihin yhteytt\u00e4, haet meilt\u00e4 t\u00f6it\u00e4, vierailet luonamme tai muutoin otat meihin yhteytt\u00e4.<\/p>\n<p>Milloin luovutamme henkil\u00f6tietojasi?<\/p>\n<p>Perusperiaatteemme on, ett\u00e4 emme luovuta henkil\u00f6tietojasi kolmansille osapuolille, jos et ole antanut siihen suostumustasi tai jos se ei ole v\u00e4ltt\u00e4m\u00e4t\u00f6nt\u00e4 sopimusten tai lain mukaisten velvoitteidemme t\u00e4ytt\u00e4miseksi. Niiss\u00e4 tapauksissa, joissa luovutamme henkil\u00f6tietoja kolmansille osapuolille, varmistamme, ett\u00e4 henkil\u00f6tietoja k\u00e4sitell\u00e4\u00e4n tyydytt\u00e4v\u00e4ll\u00e4 tavalla.<\/p>\n","protected":false},"excerpt":{"rendered":"<p>Yleiset toimitusehdot Ellei toisin ole m\u00e4\u00e4ritelty, sovelletaan Incoterms DAP -lauseketta. Tilaukset Tilaukset tehd\u00e4\u00e4n verkkokauppamme kautta, s\u00e4hk\u00f6postitse tai puhelimitse. Tilauksesta on l\u00f6ydytt\u00e4v\u00e4 tuotenimi, kappalem\u00e4\u00e4r\u00e4, tilaajayrityksen nimi, toimitusosoite, yhteyshenkil\u00f6 sek\u00e4 tilaus ja toivottu toimitusp\u00e4iv\u00e4m\u00e4\u00e4r\u00e4. Toimitus Hyllytavaraa koskevat tilaukset toimitetaan kahden arkip\u00e4iv\u00e4n kuluessa&#8230;.<\/p>\n","protected":false},"author":4,"featured_media":0,"parent":0,"menu_order":0,"comment_status":"closed","ping_status":"closed","template":"","meta":{"_acf_changed":false,"footnotes":""},"class_list":["post-3300","page","type-page","status-publish","hentry"],"acf":[],"yoast_head":"<!-- This site is optimized with the Yoast SEO plugin v27.4 - https:\/\/yoast.com\/product\/yoast-seo-wordpress\/ -->\n<title>Toimitus - ja takuuehdot - Sacpro AB<\/title>\n<meta name=\"robots\" content=\"index, follow, max-snippet:-1, max-image-preview:large, max-video-preview:-1\" \/>\n<link rel=\"canonical\" href=\"https:\/\/sacpro.se\/fi\/warranty-delivery\/\" \/>\n<meta property=\"og:locale\" content=\"fi_FI\" \/>\n<meta property=\"og:type\" content=\"article\" \/>\n<meta property=\"og:title\" content=\"Toimitus - ja takuuehdot - Sacpro AB\" \/>\n<meta property=\"og:description\" content=\"Yleiset toimitusehdot Ellei toisin ole m\u00e4\u00e4ritelty, sovelletaan Incoterms DAP -lauseketta. Tilaukset Tilaukset tehd\u00e4\u00e4n verkkokauppamme kautta, s\u00e4hk\u00f6postitse tai puhelimitse. Tilauksesta on l\u00f6ydytt\u00e4v\u00e4 tuotenimi, kappalem\u00e4\u00e4r\u00e4, tilaajayrityksen nimi, toimitusosoite, yhteyshenkil\u00f6 sek\u00e4 tilaus ja toivottu toimitusp\u00e4iv\u00e4m\u00e4\u00e4r\u00e4. Toimitus Hyllytavaraa koskevat tilaukset toimitetaan kahden arkip\u00e4iv\u00e4n kuluessa....\" \/>\n<meta property=\"og:url\" content=\"https:\/\/sacpro.se\/fi\/warranty-delivery\/\" \/>\n<meta property=\"og:site_name\" content=\"Sacpro AB\" \/>\n<meta property=\"article:modified_time\" content=\"2023-11-10T13:12:24+00:00\" \/>\n<meta name=\"twitter:card\" content=\"summary_large_image\" \/>\n<meta name=\"twitter:label1\" content=\"Arvioitu lukuaika\" \/>\n\t<meta name=\"twitter:data1\" content=\"3 minuuttia\" \/>\n<script type=\"application\/ld+json\" class=\"yoast-schema-graph\">{\"@context\":\"https:\\\/\\\/schema.org\",\"@graph\":[{\"@type\":\"WebPage\",\"@id\":\"https:\\\/\\\/sacpro.se\\\/fi\\\/warranty-delivery\\\/\",\"url\":\"https:\\\/\\\/sacpro.se\\\/fi\\\/warranty-delivery\\\/\",\"name\":\"Toimitus - ja takuuehdot - Sacpro AB\",\"isPartOf\":{\"@id\":\"https:\\\/\\\/sacpro.se\\\/#website\"},\"datePublished\":\"2018-05-17T08:58:19+00:00\",\"dateModified\":\"2023-11-10T13:12:24+00:00\",\"breadcrumb\":{\"@id\":\"https:\\\/\\\/sacpro.se\\\/fi\\\/warranty-delivery\\\/#breadcrumb\"},\"inLanguage\":\"fi\",\"potentialAction\":[{\"@type\":\"ReadAction\",\"target\":[\"https:\\\/\\\/sacpro.se\\\/fi\\\/warranty-delivery\\\/\"]}]},{\"@type\":\"BreadcrumbList\",\"@id\":\"https:\\\/\\\/sacpro.se\\\/fi\\\/warranty-delivery\\\/#breadcrumb\",\"itemListElement\":[{\"@type\":\"ListItem\",\"position\":1,\"name\":\"Home\",\"item\":\"https:\\\/\\\/sacpro.se\\\/fi\\\/\"},{\"@type\":\"ListItem\",\"position\":2,\"name\":\"Toimitus &#8211; ja takuuehdot\"}]},{\"@type\":\"WebSite\",\"@id\":\"https:\\\/\\\/sacpro.se\\\/#website\",\"url\":\"https:\\\/\\\/sacpro.se\\\/\",\"name\":\"Sacpro AB\",\"description\":\"Materials, equipment and training for pipe rehabilitation\",\"potentialAction\":[{\"@type\":\"SearchAction\",\"target\":{\"@type\":\"EntryPoint\",\"urlTemplate\":\"https:\\\/\\\/sacpro.se\\\/?s={search_term_string}\"},\"query-input\":{\"@type\":\"PropertyValueSpecification\",\"valueRequired\":true,\"valueName\":\"search_term_string\"}}],\"inLanguage\":\"fi\"}]}<\/script>\n<!-- \/ Yoast SEO plugin. -->","yoast_head_json":{"title":"Toimitus - ja takuuehdot - Sacpro AB","robots":{"index":"index","follow":"follow","max-snippet":"max-snippet:-1","max-image-preview":"max-image-preview:large","max-video-preview":"max-video-preview:-1"},"canonical":"https:\/\/sacpro.se\/fi\/warranty-delivery\/","og_locale":"fi_FI","og_type":"article","og_title":"Toimitus - ja takuuehdot - Sacpro AB","og_description":"Yleiset toimitusehdot Ellei toisin ole m\u00e4\u00e4ritelty, sovelletaan Incoterms DAP -lauseketta. Tilaukset Tilaukset tehd\u00e4\u00e4n verkkokauppamme kautta, s\u00e4hk\u00f6postitse tai puhelimitse. Tilauksesta on l\u00f6ydytt\u00e4v\u00e4 tuotenimi, kappalem\u00e4\u00e4r\u00e4, tilaajayrityksen nimi, toimitusosoite, yhteyshenkil\u00f6 sek\u00e4 tilaus ja toivottu toimitusp\u00e4iv\u00e4m\u00e4\u00e4r\u00e4. Toimitus Hyllytavaraa koskevat tilaukset toimitetaan kahden arkip\u00e4iv\u00e4n kuluessa....","og_url":"https:\/\/sacpro.se\/fi\/warranty-delivery\/","og_site_name":"Sacpro AB","article_modified_time":"2023-11-10T13:12:24+00:00","twitter_card":"summary_large_image","twitter_misc":{"Arvioitu lukuaika":"3 minuuttia"},"schema":{"@context":"https:\/\/schema.org","@graph":[{"@type":"WebPage","@id":"https:\/\/sacpro.se\/fi\/warranty-delivery\/","url":"https:\/\/sacpro.se\/fi\/warranty-delivery\/","name":"Toimitus - ja takuuehdot - Sacpro AB","isPartOf":{"@id":"https:\/\/sacpro.se\/#website"},"datePublished":"2018-05-17T08:58:19+00:00","dateModified":"2023-11-10T13:12:24+00:00","breadcrumb":{"@id":"https:\/\/sacpro.se\/fi\/warranty-delivery\/#breadcrumb"},"inLanguage":"fi","potentialAction":[{"@type":"ReadAction","target":["https:\/\/sacpro.se\/fi\/warranty-delivery\/"]}]},{"@type":"BreadcrumbList","@id":"https:\/\/sacpro.se\/fi\/warranty-delivery\/#breadcrumb","itemListElement":[{"@type":"ListItem","position":1,"name":"Home","item":"https:\/\/sacpro.se\/fi\/"},{"@type":"ListItem","position":2,"name":"Toimitus &#8211; ja takuuehdot"}]},{"@type":"WebSite","@id":"https:\/\/sacpro.se\/#website","url":"https:\/\/sacpro.se\/","name":"Sacpro AB","description":"Materials, equipment and training for pipe rehabilitation","potentialAction":[{"@type":"SearchAction","target":{"@type":"EntryPoint","urlTemplate":"https:\/\/sacpro.se\/?s={search_term_string}"},"query-input":{"@type":"PropertyValueSpecification","valueRequired":true,"valueName":"search_term_string"}}],"inLanguage":"fi"}]}},"_links":{"self":[{"href":"https:\/\/sacpro.se\/fi\/wp-json\/wp\/v2\/pages\/3300","targetHints":{"allow":["GET"]}}],"collection":[{"href":"https:\/\/sacpro.se\/fi\/wp-json\/wp\/v2\/pages"}],"about":[{"href":"https:\/\/sacpro.se\/fi\/wp-json\/wp\/v2\/types\/page"}],"author":[{"embeddable":true,"href":"https:\/\/sacpro.se\/fi\/wp-json\/wp\/v2\/users\/4"}],"replies":[{"embeddable":true,"href":"https:\/\/sacpro.se\/fi\/wp-json\/wp\/v2\/comments?post=3300"}],"version-history":[{"count":4,"href":"https:\/\/sacpro.se\/fi\/wp-json\/wp\/v2\/pages\/3300\/revisions"}],"predecessor-version":[{"id":5620,"href":"https:\/\/sacpro.se\/fi\/wp-json\/wp\/v2\/pages\/3300\/revisions\/5620"}],"wp:attachment":[{"href":"https:\/\/sacpro.se\/fi\/wp-json\/wp\/v2\/media?parent=3300"}],"curies":[{"name":"wp","href":"https:\/\/api.w.org\/{rel}","templated":true}]}}