{"id":3292,"date":"2018-05-18T09:45:54","date_gmt":"2018-05-18T08:45:54","guid":{"rendered":"https:\/\/sacpro.se\/products\/"},"modified":"2020-10-02T08:30:40","modified_gmt":"2020-10-02T07:30:40","slug":"products","status":"publish","type":"page","link":"https:\/\/sacpro.se\/fi\/products\/","title":{"rendered":"Tuotteet"},"content":{"rendered":"<p>T\u00e4lt\u00e4 sivulta l\u00f6yd\u00e4t Sacpron myym\u00e4t putkisaneeraus tuotteet. Meilt\u00e4 l\u00f6ytyy omat tuotemerkkimme Sacpipe Connection System sek\u00e4 Sactools, mutta v\u00e4lit\u00e4mme my\u00f6s muiden valmistajien tuotteita.<\/p>\n<p>Kaikille tuotteille yhteist\u00e4 on, ett\u00e4 ne on kehitetty ja soveltuvat rakennusten sis\u00e4ll\u00e4 tapahtuviin putkisaneerauksiin.<\/p>\n","protected":false},"excerpt":{"rendered":"<p>T\u00e4lt\u00e4 sivulta l\u00f6yd\u00e4t Sacpron myym\u00e4t putkisaneeraus tuotteet. Meilt\u00e4 l\u00f6ytyy omat tuotemerkkimme Sacpipe Connection System sek\u00e4 Sactools, mutta v\u00e4lit\u00e4mme my\u00f6s muiden valmistajien tuotteita. Kaikille tuotteille yhteist\u00e4 on, ett\u00e4 ne on kehitetty ja soveltuvat rakennusten sis\u00e4ll\u00e4 tapahtuviin putkisaneerauksiin.<\/p>\n","protected":false},"author":4,"featured_media":0,"parent":0,"menu_order":0,"comment_status":"closed","ping_status":"closed","template":"archive-productgroups.php","meta":{"_acf_changed":false,"footnotes":""},"class_list":["post-3292","page","type-page","status-publish","hentry"],"acf":[],"yoast_head":"<!-- This site is optimized with the Yoast SEO plugin v27.4 - https:\/\/yoast.com\/product\/yoast-seo-wordpress\/ -->\n<title>Tuotteet - Sacpro AB<\/title>\n<meta name=\"robots\" content=\"index, follow, max-snippet:-1, max-image-preview:large, max-video-preview:-1\" \/>\n<link rel=\"canonical\" href=\"https:\/\/sacpro.se\/fi\/products\/\" \/>\n<meta property=\"og:locale\" content=\"fi_FI\" \/>\n<meta property=\"og:type\" content=\"article\" \/>\n<meta property=\"og:title\" content=\"Tuotteet - Sacpro AB\" \/>\n<meta property=\"og:description\" content=\"T\u00e4lt\u00e4 sivulta l\u00f6yd\u00e4t Sacpron myym\u00e4t putkisaneeraus tuotteet. Meilt\u00e4 l\u00f6ytyy omat tuotemerkkimme Sacpipe Connection System sek\u00e4 Sactools, mutta v\u00e4lit\u00e4mme my\u00f6s muiden valmistajien tuotteita. Kaikille tuotteille yhteist\u00e4 on, ett\u00e4 ne on kehitetty ja soveltuvat rakennusten sis\u00e4ll\u00e4 tapahtuviin putkisaneerauksiin.\" \/>\n<meta property=\"og:url\" content=\"https:\/\/sacpro.se\/fi\/products\/\" \/>\n<meta property=\"og:site_name\" content=\"Sacpro AB\" \/>\n<meta property=\"article:modified_time\" content=\"2020-10-02T07:30:40+00:00\" \/>\n<meta name=\"twitter:card\" content=\"summary_large_image\" \/>\n<script type=\"application\/ld+json\" class=\"yoast-schema-graph\">{\"@context\":\"https:\\\/\\\/schema.org\",\"@graph\":[{\"@type\":\"WebPage\",\"@id\":\"https:\\\/\\\/sacpro.se\\\/fi\\\/products\\\/\",\"url\":\"https:\\\/\\\/sacpro.se\\\/fi\\\/products\\\/\",\"name\":\"Tuotteet - Sacpro AB\",\"isPartOf\":{\"@id\":\"https:\\\/\\\/sacpro.se\\\/#website\"},\"datePublished\":\"2018-05-18T08:45:54+00:00\",\"dateModified\":\"2020-10-02T07:30:40+00:00\",\"breadcrumb\":{\"@id\":\"https:\\\/\\\/sacpro.se\\\/fi\\\/products\\\/#breadcrumb\"},\"inLanguage\":\"fi\",\"potentialAction\":[{\"@type\":\"ReadAction\",\"target\":[\"https:\\\/\\\/sacpro.se\\\/fi\\\/products\\\/\"]}]},{\"@type\":\"BreadcrumbList\",\"@id\":\"https:\\\/\\\/sacpro.se\\\/fi\\\/products\\\/#breadcrumb\",\"itemListElement\":[{\"@type\":\"ListItem\",\"position\":1,\"name\":\"Home\",\"item\":\"https:\\\/\\\/sacpro.se\\\/fi\\\/\"},{\"@type\":\"ListItem\",\"position\":2,\"name\":\"Tuotteet\"}]},{\"@type\":\"WebSite\",\"@id\":\"https:\\\/\\\/sacpro.se\\\/#website\",\"url\":\"https:\\\/\\\/sacpro.se\\\/\",\"name\":\"Sacpro AB\",\"description\":\"Materials, equipment and training for pipe rehabilitation\",\"potentialAction\":[{\"@type\":\"SearchAction\",\"target\":{\"@type\":\"EntryPoint\",\"urlTemplate\":\"https:\\\/\\\/sacpro.se\\\/?s={search_term_string}\"},\"query-input\":{\"@type\":\"PropertyValueSpecification\",\"valueRequired\":true,\"valueName\":\"search_term_string\"}}],\"inLanguage\":\"fi\"}]}<\/script>\n<!-- \/ Yoast SEO plugin. -->","yoast_head_json":{"title":"Tuotteet - Sacpro AB","robots":{"index":"index","follow":"follow","max-snippet":"max-snippet:-1","max-image-preview":"max-image-preview:large","max-video-preview":"max-video-preview:-1"},"canonical":"https:\/\/sacpro.se\/fi\/products\/","og_locale":"fi_FI","og_type":"article","og_title":"Tuotteet - Sacpro AB","og_description":"T\u00e4lt\u00e4 sivulta l\u00f6yd\u00e4t Sacpron myym\u00e4t putkisaneeraus tuotteet. Meilt\u00e4 l\u00f6ytyy omat tuotemerkkimme Sacpipe Connection System sek\u00e4 Sactools, mutta v\u00e4lit\u00e4mme my\u00f6s muiden valmistajien tuotteita. Kaikille tuotteille yhteist\u00e4 on, ett\u00e4 ne on kehitetty ja soveltuvat rakennusten sis\u00e4ll\u00e4 tapahtuviin putkisaneerauksiin.","og_url":"https:\/\/sacpro.se\/fi\/products\/","og_site_name":"Sacpro AB","article_modified_time":"2020-10-02T07:30:40+00:00","twitter_card":"summary_large_image","schema":{"@context":"https:\/\/schema.org","@graph":[{"@type":"WebPage","@id":"https:\/\/sacpro.se\/fi\/products\/","url":"https:\/\/sacpro.se\/fi\/products\/","name":"Tuotteet - Sacpro AB","isPartOf":{"@id":"https:\/\/sacpro.se\/#website"},"datePublished":"2018-05-18T08:45:54+00:00","dateModified":"2020-10-02T07:30:40+00:00","breadcrumb":{"@id":"https:\/\/sacpro.se\/fi\/products\/#breadcrumb"},"inLanguage":"fi","potentialAction":[{"@type":"ReadAction","target":["https:\/\/sacpro.se\/fi\/products\/"]}]},{"@type":"BreadcrumbList","@id":"https:\/\/sacpro.se\/fi\/products\/#breadcrumb","itemListElement":[{"@type":"ListItem","position":1,"name":"Home","item":"https:\/\/sacpro.se\/fi\/"},{"@type":"ListItem","position":2,"name":"Tuotteet"}]},{"@type":"WebSite","@id":"https:\/\/sacpro.se\/#website","url":"https:\/\/sacpro.se\/","name":"Sacpro AB","description":"Materials, equipment and training for pipe rehabilitation","potentialAction":[{"@type":"SearchAction","target":{"@type":"EntryPoint","urlTemplate":"https:\/\/sacpro.se\/?s={search_term_string}"},"query-input":{"@type":"PropertyValueSpecification","valueRequired":true,"valueName":"search_term_string"}}],"inLanguage":"fi"}]}},"_links":{"self":[{"href":"https:\/\/sacpro.se\/fi\/wp-json\/wp\/v2\/pages\/3292","targetHints":{"allow":["GET"]}}],"collection":[{"href":"https:\/\/sacpro.se\/fi\/wp-json\/wp\/v2\/pages"}],"about":[{"href":"https:\/\/sacpro.se\/fi\/wp-json\/wp\/v2\/types\/page"}],"author":[{"embeddable":true,"href":"https:\/\/sacpro.se\/fi\/wp-json\/wp\/v2\/users\/4"}],"replies":[{"embeddable":true,"href":"https:\/\/sacpro.se\/fi\/wp-json\/wp\/v2\/comments?post=3292"}],"version-history":[{"count":2,"href":"https:\/\/sacpro.se\/fi\/wp-json\/wp\/v2\/pages\/3292\/revisions"}],"predecessor-version":[{"id":3524,"href":"https:\/\/sacpro.se\/fi\/wp-json\/wp\/v2\/pages\/3292\/revisions\/3524"}],"wp:attachment":[{"href":"https:\/\/sacpro.se\/fi\/wp-json\/wp\/v2\/media?parent=3292"}],"curies":[{"name":"wp","href":"https:\/\/api.w.org\/{rel}","templated":true}]}}