{"id":3287,"date":"2018-05-17T10:35:14","date_gmt":"2018-05-17T09:35:14","guid":{"rendered":"https:\/\/sacpro.se\/contact\/"},"modified":"2023-11-10T08:39:28","modified_gmt":"2023-11-10T07:39:28","slug":"contact","status":"publish","type":"page","link":"https:\/\/sacpro.se\/fi\/contact\/","title":{"rendered":"Yhteystiedot"},"content":{"rendered":"<p>T\u00e4lt\u00e4 sivulta l\u00f6yd\u00e4tte kaikki yhteystietomme. Vastaamme mielell\u00e4mme kaikkiin kysymyksiin koskien yrityst\u00e4mme, ty\u00f6kalujamme, materiaalejamme sek\u00e4 paljon muuta.<\/p>\n<p>Mik\u00e4li haluat oppia lis\u00e4\u00e4 Sacpipe Connection System -asennusj\u00e4rjestelm\u00e4st\u00e4 tai etsit valtuutettua asennusliikett\u00e4, pyyd\u00e4mme teit\u00e4 yst\u00e4v\u00e4llisesti tutustumaan Sacpipe Connection System -verkkosivuun.<\/p>\n<p><span style=\"color: inherit; font-size: 1.56em; font-weight: 600;\">Sacpro Oy<\/span><\/p>\n<div class=\"bg-gray-3 pa6\">\n<div class=\"content\">Hallimestarinkatu 9<br \/>20780 Kaarina<br \/>Suomi<\/div>\n<div>\u00a0<\/div>\n<div>\u00a0<\/div>\n<div class=\"content\">Tilaukset: <a href=\"mailto:order@sacpro.se\">office@sacpro.fi <\/a><\/div>\n<div class=\"content\">Tuki: <a href=\"mailto:support@sacpro.se\">ville.laine@sacpro.fi <\/a><\/div>\n<div class=\"content\">Yhteydenotto: <a href=\"mailto:info@sacpro.se\">info@sacpro.fi<\/a><\/div>\n<\/div>\n\n\n<p><\/p>\n","protected":false},"excerpt":{"rendered":"<p>T\u00e4lt\u00e4 sivulta l\u00f6yd\u00e4tte kaikki yhteystietomme. Vastaamme mielell\u00e4mme kaikkiin kysymyksiin koskien yrityst\u00e4mme, ty\u00f6kalujamme, materiaalejamme sek\u00e4 paljon muuta. Mik\u00e4li haluat oppia lis\u00e4\u00e4 Sacpipe Connection System -asennusj\u00e4rjestelm\u00e4st\u00e4 tai etsit valtuutettua asennusliikett\u00e4, pyyd\u00e4mme teit\u00e4 yst\u00e4v\u00e4llisesti tutustumaan Sacpipe Connection System -verkkosivuun. Sacpro Oy Hallimestarinkatu 920780&#8230;<\/p>\n","protected":false},"author":4,"featured_media":0,"parent":0,"menu_order":0,"comment_status":"closed","ping_status":"closed","template":"template-contact.php","meta":{"_acf_changed":false,"footnotes":""},"class_list":["post-3287","page","type-page","status-publish","hentry"],"acf":[],"yoast_head":"<!-- This site is optimized with the Yoast SEO plugin v27.4 - https:\/\/yoast.com\/product\/yoast-seo-wordpress\/ -->\n<title>Yhteystiedot - Sacpro AB<\/title>\n<meta name=\"robots\" content=\"index, follow, max-snippet:-1, max-image-preview:large, max-video-preview:-1\" \/>\n<link rel=\"canonical\" href=\"https:\/\/sacpro.se\/fi\/contact\/\" \/>\n<meta property=\"og:locale\" content=\"fi_FI\" \/>\n<meta property=\"og:type\" content=\"article\" \/>\n<meta property=\"og:title\" content=\"Yhteystiedot - Sacpro AB\" \/>\n<meta property=\"og:description\" content=\"T\u00e4lt\u00e4 sivulta l\u00f6yd\u00e4tte kaikki yhteystietomme. Vastaamme mielell\u00e4mme kaikkiin kysymyksiin koskien yrityst\u00e4mme, ty\u00f6kalujamme, materiaalejamme sek\u00e4 paljon muuta. Mik\u00e4li haluat oppia lis\u00e4\u00e4 Sacpipe Connection System -asennusj\u00e4rjestelm\u00e4st\u00e4 tai etsit valtuutettua asennusliikett\u00e4, pyyd\u00e4mme teit\u00e4 yst\u00e4v\u00e4llisesti tutustumaan Sacpipe Connection System -verkkosivuun. Sacpro Oy Hallimestarinkatu 920780...\" \/>\n<meta property=\"og:url\" content=\"https:\/\/sacpro.se\/fi\/contact\/\" \/>\n<meta property=\"og:site_name\" content=\"Sacpro AB\" \/>\n<meta property=\"article:modified_time\" content=\"2023-11-10T07:39:28+00:00\" \/>\n<meta name=\"twitter:card\" content=\"summary_large_image\" \/>\n<meta name=\"twitter:label1\" content=\"Arvioitu lukuaika\" \/>\n\t<meta name=\"twitter:data1\" content=\"1 minuutti\" \/>\n<script type=\"application\/ld+json\" class=\"yoast-schema-graph\">{\"@context\":\"https:\\\/\\\/schema.org\",\"@graph\":[{\"@type\":\"WebPage\",\"@id\":\"https:\\\/\\\/sacpro.se\\\/fi\\\/contact\\\/\",\"url\":\"https:\\\/\\\/sacpro.se\\\/fi\\\/contact\\\/\",\"name\":\"Yhteystiedot - Sacpro AB\",\"isPartOf\":{\"@id\":\"https:\\\/\\\/sacpro.se\\\/#website\"},\"datePublished\":\"2018-05-17T09:35:14+00:00\",\"dateModified\":\"2023-11-10T07:39:28+00:00\",\"breadcrumb\":{\"@id\":\"https:\\\/\\\/sacpro.se\\\/fi\\\/contact\\\/#breadcrumb\"},\"inLanguage\":\"fi\",\"potentialAction\":[{\"@type\":\"ReadAction\",\"target\":[\"https:\\\/\\\/sacpro.se\\\/fi\\\/contact\\\/\"]}]},{\"@type\":\"BreadcrumbList\",\"@id\":\"https:\\\/\\\/sacpro.se\\\/fi\\\/contact\\\/#breadcrumb\",\"itemListElement\":[{\"@type\":\"ListItem\",\"position\":1,\"name\":\"Home\",\"item\":\"https:\\\/\\\/sacpro.se\\\/fi\\\/\"},{\"@type\":\"ListItem\",\"position\":2,\"name\":\"Yhteystiedot\"}]},{\"@type\":\"WebSite\",\"@id\":\"https:\\\/\\\/sacpro.se\\\/#website\",\"url\":\"https:\\\/\\\/sacpro.se\\\/\",\"name\":\"Sacpro AB\",\"description\":\"Materials, equipment and training for pipe rehabilitation\",\"potentialAction\":[{\"@type\":\"SearchAction\",\"target\":{\"@type\":\"EntryPoint\",\"urlTemplate\":\"https:\\\/\\\/sacpro.se\\\/?s={search_term_string}\"},\"query-input\":{\"@type\":\"PropertyValueSpecification\",\"valueRequired\":true,\"valueName\":\"search_term_string\"}}],\"inLanguage\":\"fi\"}]}<\/script>\n<!-- \/ Yoast SEO plugin. -->","yoast_head_json":{"title":"Yhteystiedot - Sacpro AB","robots":{"index":"index","follow":"follow","max-snippet":"max-snippet:-1","max-image-preview":"max-image-preview:large","max-video-preview":"max-video-preview:-1"},"canonical":"https:\/\/sacpro.se\/fi\/contact\/","og_locale":"fi_FI","og_type":"article","og_title":"Yhteystiedot - Sacpro AB","og_description":"T\u00e4lt\u00e4 sivulta l\u00f6yd\u00e4tte kaikki yhteystietomme. Vastaamme mielell\u00e4mme kaikkiin kysymyksiin koskien yrityst\u00e4mme, ty\u00f6kalujamme, materiaalejamme sek\u00e4 paljon muuta. Mik\u00e4li haluat oppia lis\u00e4\u00e4 Sacpipe Connection System -asennusj\u00e4rjestelm\u00e4st\u00e4 tai etsit valtuutettua asennusliikett\u00e4, pyyd\u00e4mme teit\u00e4 yst\u00e4v\u00e4llisesti tutustumaan Sacpipe Connection System -verkkosivuun. Sacpro Oy Hallimestarinkatu 920780...","og_url":"https:\/\/sacpro.se\/fi\/contact\/","og_site_name":"Sacpro AB","article_modified_time":"2023-11-10T07:39:28+00:00","twitter_card":"summary_large_image","twitter_misc":{"Arvioitu lukuaika":"1 minuutti"},"schema":{"@context":"https:\/\/schema.org","@graph":[{"@type":"WebPage","@id":"https:\/\/sacpro.se\/fi\/contact\/","url":"https:\/\/sacpro.se\/fi\/contact\/","name":"Yhteystiedot - Sacpro AB","isPartOf":{"@id":"https:\/\/sacpro.se\/#website"},"datePublished":"2018-05-17T09:35:14+00:00","dateModified":"2023-11-10T07:39:28+00:00","breadcrumb":{"@id":"https:\/\/sacpro.se\/fi\/contact\/#breadcrumb"},"inLanguage":"fi","potentialAction":[{"@type":"ReadAction","target":["https:\/\/sacpro.se\/fi\/contact\/"]}]},{"@type":"BreadcrumbList","@id":"https:\/\/sacpro.se\/fi\/contact\/#breadcrumb","itemListElement":[{"@type":"ListItem","position":1,"name":"Home","item":"https:\/\/sacpro.se\/fi\/"},{"@type":"ListItem","position":2,"name":"Yhteystiedot"}]},{"@type":"WebSite","@id":"https:\/\/sacpro.se\/#website","url":"https:\/\/sacpro.se\/","name":"Sacpro AB","description":"Materials, equipment and training for pipe rehabilitation","potentialAction":[{"@type":"SearchAction","target":{"@type":"EntryPoint","urlTemplate":"https:\/\/sacpro.se\/?s={search_term_string}"},"query-input":{"@type":"PropertyValueSpecification","valueRequired":true,"valueName":"search_term_string"}}],"inLanguage":"fi"}]}},"_links":{"self":[{"href":"https:\/\/sacpro.se\/fi\/wp-json\/wp\/v2\/pages\/3287","targetHints":{"allow":["GET"]}}],"collection":[{"href":"https:\/\/sacpro.se\/fi\/wp-json\/wp\/v2\/pages"}],"about":[{"href":"https:\/\/sacpro.se\/fi\/wp-json\/wp\/v2\/types\/page"}],"author":[{"embeddable":true,"href":"https:\/\/sacpro.se\/fi\/wp-json\/wp\/v2\/users\/4"}],"replies":[{"embeddable":true,"href":"https:\/\/sacpro.se\/fi\/wp-json\/wp\/v2\/comments?post=3287"}],"version-history":[{"count":11,"href":"https:\/\/sacpro.se\/fi\/wp-json\/wp\/v2\/pages\/3287\/revisions"}],"predecessor-version":[{"id":5619,"href":"https:\/\/sacpro.se\/fi\/wp-json\/wp\/v2\/pages\/3287\/revisions\/5619"}],"wp:attachment":[{"href":"https:\/\/sacpro.se\/fi\/wp-json\/wp\/v2\/media?parent=3287"}],"curies":[{"name":"wp","href":"https:\/\/api.w.org\/{rel}","templated":true}]}}