{"id":3262,"date":"2018-05-18T10:07:26","date_gmt":"2018-05-18T09:07:26","guid":{"rendered":"http:\/\/sacpro.test\/support\/"},"modified":"2020-10-01T07:30:31","modified_gmt":"2020-10-01T06:30:31","slug":"support","status":"publish","type":"page","link":"https:\/\/sacpro.se\/fi\/support\/","title":{"rendered":"Tuki"},"content":{"rendered":"<p>Sacpro:n asiakkaana voit luottaa saavasi aina loistavaa palvelua. Onko sinulla kysymyksi\u00e4 liittyen ty\u00f6maihin, projekteihin, ty\u00f6kaluihin tai materiaaleihin? Ole yst\u00e4v\u00e4llisesti yhteydess\u00e4 tukeemme. Teemme joka p\u00e4iv\u00e4 parhaamme auttaaksemme asiakkaitamme.<\/p>\n<h2>Sacpro Support<\/h2>\n<p>Puhelin\u00a0 +358 40 482 0015<\/p>\n<p>S\u00e4hk\u00f6posti: office@sacpro.fi<\/p>\n<h2>Reklamaatiot<\/h2>\n<p>Mik\u00e4li haluat tehd\u00e4 reklamaation koskien Sacpro:lta ostettua tuotetta, pyyd\u00e4mme sinua yst\u00e4v\u00e4llisesti t\u00e4ytt\u00e4m\u00e4\u00e4n alla olevan kaavakkeen. K\u00e4sitell\u00e4ksemme reklamaationne tarvitsemme kaikki reklamaatioon liittyv\u00e4t tiedot ensin. Saatuamme tiedot olemme teihin pikimiten yhteydess\u00e4 reklamaation k\u00e4sittelyyn liittyen.<\/p>\n<figure class=\"wp-block-gallery aligncenter columns-2 is-cropped\">\n<ul class=\"blocks-gallery-grid\">\n<li class=\"blocks-gallery-item\">\n<figure><img decoding=\"async\" class=\"wp-image-2004\" src=\"https:\/\/sacpro.se\/wp-content\/uploads\/2020\/06\/freddywebb-1-1024x598.jpg\" alt=\"\" data-id=\"2004\" data-link=\"https:\/\/sacpro.se\/contacts\/markus-matsson\/freddy_webb-2\/\" \/><figcaption class=\"blocks-gallery-item__caption\">Freddy Vestman Support\/Training<\/figcaption><\/figure>\n<\/li>\n<li class=\"blocks-gallery-item\">\n<figure><img loading=\"lazy\" decoding=\"async\" width=\"800\" height=\"472\" class=\"wp-image-2443\" src=\"https:\/\/sacpro.se\/wp-content\/uploads\/2018\/04\/jb.jpg\" alt=\"\" data-id=\"720\" data-link=\"https:\/\/sacpro.se\/en\/contacts\/fredrik-sterner\/jb\/\" srcset=\"https:\/\/sacpro.se\/wp-content\/uploads\/2018\/04\/jb.jpg 800w, https:\/\/sacpro.se\/wp-content\/uploads\/2018\/04\/jb-300x177.jpg 300w, https:\/\/sacpro.se\/wp-content\/uploads\/2018\/04\/jb-768x453.jpg 768w, https:\/\/sacpro.se\/wp-content\/uploads\/2018\/04\/jb-620x366.jpg 620w, https:\/\/sacpro.se\/wp-content\/uploads\/2018\/04\/jb-143x84.jpg 143w, https:\/\/sacpro.se\/wp-content\/uploads\/2018\/04\/jb-286x169.jpg 286w, https:\/\/sacpro.se\/wp-content\/uploads\/2018\/04\/jb-22x13.jpg 22w, https:\/\/sacpro.se\/wp-content\/uploads\/2018\/04\/jb-44x26.jpg 44w, https:\/\/sacpro.se\/wp-content\/uploads\/2018\/04\/jb-400x236.jpg 400w, https:\/\/sacpro.se\/wp-content\/uploads\/2018\/04\/jb-305x180.jpg 305w, https:\/\/sacpro.se\/wp-content\/uploads\/2018\/04\/jb-610x360.jpg 610w\" sizes=\"auto, (max-width: 800px) 100vw, 800px\" \/><figcaption class=\"blocks-gallery-item__caption\">Jockum Brod\u00e9n Product Development\/Support<\/figcaption><\/figure>\n<\/li>\n<\/ul>\n<\/figure>\n","protected":false},"excerpt":{"rendered":"<p>Sacpro:n asiakkaana voit luottaa saavasi aina loistavaa palvelua. Onko sinulla kysymyksi\u00e4 liittyen ty\u00f6maihin, projekteihin, ty\u00f6kaluihin tai materiaaleihin? Ole yst\u00e4v\u00e4llisesti yhteydess\u00e4 tukeemme. Teemme joka p\u00e4iv\u00e4 parhaamme auttaaksemme asiakkaitamme. Sacpro Support Puhelin\u00a0 +358 40 482 0015 S\u00e4hk\u00f6posti: office@sacpro.fi Reklamaatiot Mik\u00e4li haluat tehd\u00e4&#8230;<\/p>\n","protected":false},"author":4,"featured_media":0,"parent":0,"menu_order":0,"comment_status":"closed","ping_status":"closed","template":"","meta":{"_acf_changed":false,"footnotes":""},"class_list":["post-3262","page","type-page","status-publish","hentry"],"acf":[],"yoast_head":"<!-- This site is optimized with the Yoast SEO plugin v27.4 - https:\/\/yoast.com\/product\/yoast-seo-wordpress\/ -->\n<title>Tuki - Sacpro AB<\/title>\n<meta name=\"robots\" content=\"index, follow, max-snippet:-1, max-image-preview:large, max-video-preview:-1\" \/>\n<link rel=\"canonical\" href=\"https:\/\/sacpro.se\/fi\/support\/\" \/>\n<meta property=\"og:locale\" content=\"fi_FI\" \/>\n<meta property=\"og:type\" content=\"article\" \/>\n<meta property=\"og:title\" content=\"Tuki - Sacpro AB\" \/>\n<meta property=\"og:description\" content=\"Sacpro:n asiakkaana voit luottaa saavasi aina loistavaa palvelua. Onko sinulla kysymyksi\u00e4 liittyen ty\u00f6maihin, projekteihin, ty\u00f6kaluihin tai materiaaleihin? Ole yst\u00e4v\u00e4llisesti yhteydess\u00e4 tukeemme. Teemme joka p\u00e4iv\u00e4 parhaamme auttaaksemme asiakkaitamme. Sacpro Support Puhelin\u00a0 +358 40 482 0015 S\u00e4hk\u00f6posti: office@sacpro.fi Reklamaatiot Mik\u00e4li haluat tehd\u00e4...\" \/>\n<meta property=\"og:url\" content=\"https:\/\/sacpro.se\/fi\/support\/\" \/>\n<meta property=\"og:site_name\" content=\"Sacpro AB\" \/>\n<meta property=\"article:modified_time\" content=\"2020-10-01T06:30:31+00:00\" \/>\n<meta property=\"og:image\" content=\"https:\/\/sacpro.se\/wp-content\/uploads\/2020\/06\/freddywebb-1-1024x598.jpg\" \/>\n<meta name=\"twitter:card\" content=\"summary_large_image\" \/>\n<script type=\"application\/ld+json\" class=\"yoast-schema-graph\">{\"@context\":\"https:\\\/\\\/schema.org\",\"@graph\":[{\"@type\":\"WebPage\",\"@id\":\"https:\\\/\\\/sacpro.se\\\/fi\\\/support\\\/\",\"url\":\"https:\\\/\\\/sacpro.se\\\/fi\\\/support\\\/\",\"name\":\"Tuki - Sacpro AB\",\"isPartOf\":{\"@id\":\"https:\\\/\\\/sacpro.se\\\/#website\"},\"primaryImageOfPage\":{\"@id\":\"https:\\\/\\\/sacpro.se\\\/fi\\\/support\\\/#primaryimage\"},\"image\":{\"@id\":\"https:\\\/\\\/sacpro.se\\\/fi\\\/support\\\/#primaryimage\"},\"thumbnailUrl\":\"https:\\\/\\\/sacpro.se\\\/wp-content\\\/uploads\\\/2020\\\/06\\\/freddywebb-1-1024x598.jpg\",\"datePublished\":\"2018-05-18T09:07:26+00:00\",\"dateModified\":\"2020-10-01T06:30:31+00:00\",\"breadcrumb\":{\"@id\":\"https:\\\/\\\/sacpro.se\\\/fi\\\/support\\\/#breadcrumb\"},\"inLanguage\":\"fi\",\"potentialAction\":[{\"@type\":\"ReadAction\",\"target\":[\"https:\\\/\\\/sacpro.se\\\/fi\\\/support\\\/\"]}]},{\"@type\":\"ImageObject\",\"inLanguage\":\"fi\",\"@id\":\"https:\\\/\\\/sacpro.se\\\/fi\\\/support\\\/#primaryimage\",\"url\":\"https:\\\/\\\/sacpro.se\\\/wp-content\\\/uploads\\\/2020\\\/06\\\/freddywebb-1-1024x598.jpg\",\"contentUrl\":\"https:\\\/\\\/sacpro.se\\\/wp-content\\\/uploads\\\/2020\\\/06\\\/freddywebb-1-1024x598.jpg\"},{\"@type\":\"BreadcrumbList\",\"@id\":\"https:\\\/\\\/sacpro.se\\\/fi\\\/support\\\/#breadcrumb\",\"itemListElement\":[{\"@type\":\"ListItem\",\"position\":1,\"name\":\"Home\",\"item\":\"https:\\\/\\\/sacpro.se\\\/fi\\\/\"},{\"@type\":\"ListItem\",\"position\":2,\"name\":\"Tuki\"}]},{\"@type\":\"WebSite\",\"@id\":\"https:\\\/\\\/sacpro.se\\\/#website\",\"url\":\"https:\\\/\\\/sacpro.se\\\/\",\"name\":\"Sacpro AB\",\"description\":\"Materials, equipment and training for pipe rehabilitation\",\"potentialAction\":[{\"@type\":\"SearchAction\",\"target\":{\"@type\":\"EntryPoint\",\"urlTemplate\":\"https:\\\/\\\/sacpro.se\\\/?s={search_term_string}\"},\"query-input\":{\"@type\":\"PropertyValueSpecification\",\"valueRequired\":true,\"valueName\":\"search_term_string\"}}],\"inLanguage\":\"fi\"}]}<\/script>\n<!-- \/ Yoast SEO plugin. -->","yoast_head_json":{"title":"Tuki - Sacpro AB","robots":{"index":"index","follow":"follow","max-snippet":"max-snippet:-1","max-image-preview":"max-image-preview:large","max-video-preview":"max-video-preview:-1"},"canonical":"https:\/\/sacpro.se\/fi\/support\/","og_locale":"fi_FI","og_type":"article","og_title":"Tuki - Sacpro AB","og_description":"Sacpro:n asiakkaana voit luottaa saavasi aina loistavaa palvelua. Onko sinulla kysymyksi\u00e4 liittyen ty\u00f6maihin, projekteihin, ty\u00f6kaluihin tai materiaaleihin? Ole yst\u00e4v\u00e4llisesti yhteydess\u00e4 tukeemme. Teemme joka p\u00e4iv\u00e4 parhaamme auttaaksemme asiakkaitamme. Sacpro Support Puhelin\u00a0 +358 40 482 0015 S\u00e4hk\u00f6posti: office@sacpro.fi Reklamaatiot Mik\u00e4li haluat tehd\u00e4...","og_url":"https:\/\/sacpro.se\/fi\/support\/","og_site_name":"Sacpro AB","article_modified_time":"2020-10-01T06:30:31+00:00","og_image":[{"url":"https:\/\/sacpro.se\/wp-content\/uploads\/2020\/06\/freddywebb-1-1024x598.jpg","type":"","width":"","height":""}],"twitter_card":"summary_large_image","schema":{"@context":"https:\/\/schema.org","@graph":[{"@type":"WebPage","@id":"https:\/\/sacpro.se\/fi\/support\/","url":"https:\/\/sacpro.se\/fi\/support\/","name":"Tuki - Sacpro AB","isPartOf":{"@id":"https:\/\/sacpro.se\/#website"},"primaryImageOfPage":{"@id":"https:\/\/sacpro.se\/fi\/support\/#primaryimage"},"image":{"@id":"https:\/\/sacpro.se\/fi\/support\/#primaryimage"},"thumbnailUrl":"https:\/\/sacpro.se\/wp-content\/uploads\/2020\/06\/freddywebb-1-1024x598.jpg","datePublished":"2018-05-18T09:07:26+00:00","dateModified":"2020-10-01T06:30:31+00:00","breadcrumb":{"@id":"https:\/\/sacpro.se\/fi\/support\/#breadcrumb"},"inLanguage":"fi","potentialAction":[{"@type":"ReadAction","target":["https:\/\/sacpro.se\/fi\/support\/"]}]},{"@type":"ImageObject","inLanguage":"fi","@id":"https:\/\/sacpro.se\/fi\/support\/#primaryimage","url":"https:\/\/sacpro.se\/wp-content\/uploads\/2020\/06\/freddywebb-1-1024x598.jpg","contentUrl":"https:\/\/sacpro.se\/wp-content\/uploads\/2020\/06\/freddywebb-1-1024x598.jpg"},{"@type":"BreadcrumbList","@id":"https:\/\/sacpro.se\/fi\/support\/#breadcrumb","itemListElement":[{"@type":"ListItem","position":1,"name":"Home","item":"https:\/\/sacpro.se\/fi\/"},{"@type":"ListItem","position":2,"name":"Tuki"}]},{"@type":"WebSite","@id":"https:\/\/sacpro.se\/#website","url":"https:\/\/sacpro.se\/","name":"Sacpro AB","description":"Materials, equipment and training for pipe rehabilitation","potentialAction":[{"@type":"SearchAction","target":{"@type":"EntryPoint","urlTemplate":"https:\/\/sacpro.se\/?s={search_term_string}"},"query-input":{"@type":"PropertyValueSpecification","valueRequired":true,"valueName":"search_term_string"}}],"inLanguage":"fi"}]}},"_links":{"self":[{"href":"https:\/\/sacpro.se\/fi\/wp-json\/wp\/v2\/pages\/3262","targetHints":{"allow":["GET"]}}],"collection":[{"href":"https:\/\/sacpro.se\/fi\/wp-json\/wp\/v2\/pages"}],"about":[{"href":"https:\/\/sacpro.se\/fi\/wp-json\/wp\/v2\/types\/page"}],"author":[{"embeddable":true,"href":"https:\/\/sacpro.se\/fi\/wp-json\/wp\/v2\/users\/4"}],"replies":[{"embeddable":true,"href":"https:\/\/sacpro.se\/fi\/wp-json\/wp\/v2\/comments?post=3262"}],"version-history":[{"count":11,"href":"https:\/\/sacpro.se\/fi\/wp-json\/wp\/v2\/pages\/3262\/revisions"}],"predecessor-version":[{"id":3497,"href":"https:\/\/sacpro.se\/fi\/wp-json\/wp\/v2\/pages\/3262\/revisions\/3497"}],"wp:attachment":[{"href":"https:\/\/sacpro.se\/fi\/wp-json\/wp\/v2\/media?parent=3262"}],"curies":[{"name":"wp","href":"https:\/\/api.w.org\/{rel}","templated":true}]}}