{"id":3254,"date":"2018-05-17T13:38:38","date_gmt":"2018-05-17T12:38:38","guid":{"rendered":"http:\/\/sacpro.test\/about-sacpro-ab\/"},"modified":"2023-11-27T08:45:50","modified_gmt":"2023-11-27T07:45:50","slug":"about-sacpro-ab","status":"publish","type":"page","link":"https:\/\/sacpro.se\/fi\/about-sacpro-ab\/","title":{"rendered":"Sacpro yrityksen\u00e4"},"content":{"rendered":"<h2>KOKONAISVALTAINEN TOIMITTAJA<\/h2>\n<p>Sacpro on pohjoismaiden johtava viem\u00e4risaneeraukseen liittyvien ty\u00f6kalujen ja materiaalien toimittaja.<\/p>\n<p>Kehitt\u00e4m\u00e4mme tuotemerkit: Houseliner\u00ae, Sacpipe\u00ae, Sacparts\u00ae sek\u00e4 Sactools\u00ae yhdess\u00e4 tiiviin yhteisty\u00f6n Euroopan johtavan materiaalivalmistaja Brawoliner\u00ae:n kanssa muodostavat t\u00e4ydellisen viem\u00e4rien saneerausmenetelm\u00e4n: Sacpipe Connection System -sukitusj\u00e4rjestelm\u00e4n.<\/p>\n<p>Sacpron p\u00e4\u00e4markkina-alueet ovat: Suomi, Ruotsi, Norja ja Tanska. Lis\u00e4ksi toimitamme tavaraa muualle Eurooppaan sek\u00e4 ymp\u00e4ri maailmaa.<\/p>\n","protected":false},"excerpt":{"rendered":"<p>KOKONAISVALTAINEN TOIMITTAJA Sacpro on pohjoismaiden johtava viem\u00e4risaneeraukseen liittyvien ty\u00f6kalujen ja materiaalien toimittaja. Kehitt\u00e4m\u00e4mme tuotemerkit: Houseliner\u00ae, Sacpipe\u00ae, Sacparts\u00ae sek\u00e4 Sactools\u00ae yhdess\u00e4 tiiviin yhteisty\u00f6n Euroopan johtavan materiaalivalmistaja Brawoliner\u00ae:n kanssa muodostavat t\u00e4ydellisen viem\u00e4rien saneerausmenetelm\u00e4n: Sacpipe Connection System -sukitusj\u00e4rjestelm\u00e4n. Sacpron p\u00e4\u00e4markkina-alueet ovat: Suomi, Ruotsi,&#8230;<\/p>\n","protected":false},"author":4,"featured_media":0,"parent":0,"menu_order":0,"comment_status":"closed","ping_status":"closed","template":"","meta":{"_acf_changed":false,"footnotes":""},"class_list":["post-3254","page","type-page","status-publish","hentry"],"acf":[],"yoast_head":"<!-- This site is optimized with the Yoast SEO plugin v27.4 - https:\/\/yoast.com\/product\/yoast-seo-wordpress\/ -->\n<title>Sacpro yrityksen\u00e4 - Sacpro AB<\/title>\n<meta name=\"robots\" content=\"index, follow, max-snippet:-1, max-image-preview:large, max-video-preview:-1\" \/>\n<link rel=\"canonical\" href=\"https:\/\/sacpro.se\/fi\/about-sacpro-ab\/\" \/>\n<meta property=\"og:locale\" content=\"fi_FI\" \/>\n<meta property=\"og:type\" content=\"article\" \/>\n<meta property=\"og:title\" content=\"Sacpro yrityksen\u00e4 - Sacpro AB\" \/>\n<meta property=\"og:description\" content=\"KOKONAISVALTAINEN TOIMITTAJA Sacpro on pohjoismaiden johtava viem\u00e4risaneeraukseen liittyvien ty\u00f6kalujen ja materiaalien toimittaja. Kehitt\u00e4m\u00e4mme tuotemerkit: Houseliner\u00ae, Sacpipe\u00ae, Sacparts\u00ae sek\u00e4 Sactools\u00ae yhdess\u00e4 tiiviin yhteisty\u00f6n Euroopan johtavan materiaalivalmistaja Brawoliner\u00ae:n kanssa muodostavat t\u00e4ydellisen viem\u00e4rien saneerausmenetelm\u00e4n: Sacpipe Connection System -sukitusj\u00e4rjestelm\u00e4n. Sacpron p\u00e4\u00e4markkina-alueet ovat: Suomi, Ruotsi,...\" \/>\n<meta property=\"og:url\" content=\"https:\/\/sacpro.se\/fi\/about-sacpro-ab\/\" \/>\n<meta property=\"og:site_name\" content=\"Sacpro AB\" \/>\n<meta property=\"article:modified_time\" content=\"2023-11-27T07:45:50+00:00\" \/>\n<meta name=\"twitter:card\" content=\"summary_large_image\" \/>\n<meta name=\"twitter:label1\" content=\"Arvioitu lukuaika\" \/>\n\t<meta name=\"twitter:data1\" content=\"1 minuutti\" \/>\n<script type=\"application\/ld+json\" class=\"yoast-schema-graph\">{\"@context\":\"https:\\\/\\\/schema.org\",\"@graph\":[{\"@type\":\"WebPage\",\"@id\":\"https:\\\/\\\/sacpro.se\\\/fi\\\/about-sacpro-ab\\\/\",\"url\":\"https:\\\/\\\/sacpro.se\\\/fi\\\/about-sacpro-ab\\\/\",\"name\":\"Sacpro yrityksen\u00e4 - Sacpro AB\",\"isPartOf\":{\"@id\":\"https:\\\/\\\/sacpro.se\\\/#website\"},\"datePublished\":\"2018-05-17T12:38:38+00:00\",\"dateModified\":\"2023-11-27T07:45:50+00:00\",\"breadcrumb\":{\"@id\":\"https:\\\/\\\/sacpro.se\\\/fi\\\/about-sacpro-ab\\\/#breadcrumb\"},\"inLanguage\":\"fi\",\"potentialAction\":[{\"@type\":\"ReadAction\",\"target\":[\"https:\\\/\\\/sacpro.se\\\/fi\\\/about-sacpro-ab\\\/\"]}]},{\"@type\":\"BreadcrumbList\",\"@id\":\"https:\\\/\\\/sacpro.se\\\/fi\\\/about-sacpro-ab\\\/#breadcrumb\",\"itemListElement\":[{\"@type\":\"ListItem\",\"position\":1,\"name\":\"Home\",\"item\":\"https:\\\/\\\/sacpro.se\\\/fi\\\/\"},{\"@type\":\"ListItem\",\"position\":2,\"name\":\"Sacpro yrityksen\u00e4\"}]},{\"@type\":\"WebSite\",\"@id\":\"https:\\\/\\\/sacpro.se\\\/#website\",\"url\":\"https:\\\/\\\/sacpro.se\\\/\",\"name\":\"Sacpro AB\",\"description\":\"Materials, equipment and training for pipe rehabilitation\",\"potentialAction\":[{\"@type\":\"SearchAction\",\"target\":{\"@type\":\"EntryPoint\",\"urlTemplate\":\"https:\\\/\\\/sacpro.se\\\/?s={search_term_string}\"},\"query-input\":{\"@type\":\"PropertyValueSpecification\",\"valueRequired\":true,\"valueName\":\"search_term_string\"}}],\"inLanguage\":\"fi\"}]}<\/script>\n<!-- \/ Yoast SEO plugin. -->","yoast_head_json":{"title":"Sacpro yrityksen\u00e4 - Sacpro AB","robots":{"index":"index","follow":"follow","max-snippet":"max-snippet:-1","max-image-preview":"max-image-preview:large","max-video-preview":"max-video-preview:-1"},"canonical":"https:\/\/sacpro.se\/fi\/about-sacpro-ab\/","og_locale":"fi_FI","og_type":"article","og_title":"Sacpro yrityksen\u00e4 - Sacpro AB","og_description":"KOKONAISVALTAINEN TOIMITTAJA Sacpro on pohjoismaiden johtava viem\u00e4risaneeraukseen liittyvien ty\u00f6kalujen ja materiaalien toimittaja. Kehitt\u00e4m\u00e4mme tuotemerkit: Houseliner\u00ae, Sacpipe\u00ae, Sacparts\u00ae sek\u00e4 Sactools\u00ae yhdess\u00e4 tiiviin yhteisty\u00f6n Euroopan johtavan materiaalivalmistaja Brawoliner\u00ae:n kanssa muodostavat t\u00e4ydellisen viem\u00e4rien saneerausmenetelm\u00e4n: Sacpipe Connection System -sukitusj\u00e4rjestelm\u00e4n. Sacpron p\u00e4\u00e4markkina-alueet ovat: Suomi, Ruotsi,...","og_url":"https:\/\/sacpro.se\/fi\/about-sacpro-ab\/","og_site_name":"Sacpro AB","article_modified_time":"2023-11-27T07:45:50+00:00","twitter_card":"summary_large_image","twitter_misc":{"Arvioitu lukuaika":"1 minuutti"},"schema":{"@context":"https:\/\/schema.org","@graph":[{"@type":"WebPage","@id":"https:\/\/sacpro.se\/fi\/about-sacpro-ab\/","url":"https:\/\/sacpro.se\/fi\/about-sacpro-ab\/","name":"Sacpro yrityksen\u00e4 - Sacpro AB","isPartOf":{"@id":"https:\/\/sacpro.se\/#website"},"datePublished":"2018-05-17T12:38:38+00:00","dateModified":"2023-11-27T07:45:50+00:00","breadcrumb":{"@id":"https:\/\/sacpro.se\/fi\/about-sacpro-ab\/#breadcrumb"},"inLanguage":"fi","potentialAction":[{"@type":"ReadAction","target":["https:\/\/sacpro.se\/fi\/about-sacpro-ab\/"]}]},{"@type":"BreadcrumbList","@id":"https:\/\/sacpro.se\/fi\/about-sacpro-ab\/#breadcrumb","itemListElement":[{"@type":"ListItem","position":1,"name":"Home","item":"https:\/\/sacpro.se\/fi\/"},{"@type":"ListItem","position":2,"name":"Sacpro yrityksen\u00e4"}]},{"@type":"WebSite","@id":"https:\/\/sacpro.se\/#website","url":"https:\/\/sacpro.se\/","name":"Sacpro AB","description":"Materials, equipment and training for pipe rehabilitation","potentialAction":[{"@type":"SearchAction","target":{"@type":"EntryPoint","urlTemplate":"https:\/\/sacpro.se\/?s={search_term_string}"},"query-input":{"@type":"PropertyValueSpecification","valueRequired":true,"valueName":"search_term_string"}}],"inLanguage":"fi"}]}},"_links":{"self":[{"href":"https:\/\/sacpro.se\/fi\/wp-json\/wp\/v2\/pages\/3254","targetHints":{"allow":["GET"]}}],"collection":[{"href":"https:\/\/sacpro.se\/fi\/wp-json\/wp\/v2\/pages"}],"about":[{"href":"https:\/\/sacpro.se\/fi\/wp-json\/wp\/v2\/types\/page"}],"author":[{"embeddable":true,"href":"https:\/\/sacpro.se\/fi\/wp-json\/wp\/v2\/users\/4"}],"replies":[{"embeddable":true,"href":"https:\/\/sacpro.se\/fi\/wp-json\/wp\/v2\/comments?post=3254"}],"version-history":[{"count":16,"href":"https:\/\/sacpro.se\/fi\/wp-json\/wp\/v2\/pages\/3254\/revisions"}],"predecessor-version":[{"id":5634,"href":"https:\/\/sacpro.se\/fi\/wp-json\/wp\/v2\/pages\/3254\/revisions\/5634"}],"wp:attachment":[{"href":"https:\/\/sacpro.se\/fi\/wp-json\/wp\/v2\/media?parent=3254"}],"curies":[{"name":"wp","href":"https:\/\/api.w.org\/{rel}","templated":true}]}}